{"id":10742,"date":"2019-11-21T11:07:43","date_gmt":"2019-11-21T08:07:43","guid":{"rendered":"https:\/\/adrianoianu.com\/?post_type=product&#038;p=10742"},"modified":"2025-04-15T15:12:26","modified_gmt":"2025-04-15T12:12:26","slug":"rochie-resort-la-boheme","status":"publish","type":"product","link":"https:\/\/adrianoianu.com\/en\/product\/rochie-resort-la-boheme\/","title":{"rendered":"Rochie Resort La boh\u00e8me &#8211; unicat"},"content":{"rendered":"","protected":false},"excerpt":{"rendered":"<p>Rochie \u00een serie limitat\u0103.Din tesatura de bumbac cu insertii de fir metalic.<\/p>\n<p>M\u00e2neci lungi \u0219i bufante, cu man\u0219ete \u00een volan \u0219i decolteu \u00eencre\u021bit astfel \u00eenc\u00e2t s\u0103 poat\u0103 fi purtat\u0103 \u0219i pe umeri.<\/p>\n<p>Rochia este multifunc\u021bional\u0103, poate fi purtat\u0103 cu decolteul str\u00e2ns, pe un um\u0103r sau l\u0103sat\u0103 pe am\u00e2ndoi umerii, cu sau fara cordon.<\/p>\n","protected":false},"featured_media":10750,"comment_status":"open","ping_status":"closed","template":"","meta":[],"product_brand":[],"product_cat":[52],"product_tag":[142],"class_list":{"0":"post-10742","1":"product","2":"type-product","3":"status-publish","4":"has-post-thumbnail","6":"product_cat-rochii","7":"product_tag-eflorescenta","9":"first","10":"outofstock","11":"shipping-taxable","12":"purchasable","13":"product-type-simple"},"yoast_head":"<!-- This site is optimized with the Yoast SEO plugin v27.2 - https:\/\/yoast.com\/product\/yoast-seo-wordpress\/ -->\n<title>Rochie Resort La boh\u00e8me - unicat - Adrian Oianu<\/title>\n<meta name=\"robots\" content=\"index, follow, max-snippet:-1, max-image-preview:large, max-video-preview:-1\" \/>\n<link rel=\"canonical\" href=\"https:\/\/adrianoianu.com\/product\/rochie-resort-la-boheme\/\" \/>\n<meta property=\"og:locale\" content=\"en_US\" \/>\n<meta property=\"og:type\" content=\"article\" \/>\n<meta property=\"og:title\" content=\"Rochie Resort La boh\u00e8me - unicat - Adrian Oianu\" \/>\n<meta property=\"og:description\" content=\"Rochie \u00een serie limitat\u0103.Din tesatura de bumbac cu insertii de fir metalic.  M\u00e2neci lungi \u0219i bufante, cu man\u0219ete \u00een volan \u0219i decolteu \u00eencre\u021bit astfel \u00eenc\u00e2t s\u0103 poat\u0103 fi purtat\u0103 \u0219i pe umeri.  Rochia este multifunc\u021bional\u0103, poate fi purtat\u0103 cu decolteul str\u00e2ns, pe un um\u0103r sau l\u0103sat\u0103 pe am\u00e2ndoi umerii, cu sau fara cordon.\" \/>\n<meta property=\"og:url\" content=\"https:\/\/adrianoianu.com\/product\/rochie-resort-la-boheme\/\" \/>\n<meta property=\"og:site_name\" content=\"Adrian Oianu\" \/>\n<meta property=\"article:publisher\" content=\"https:\/\/www.facebook.com\/adrianoianu\/\" \/>\n<meta property=\"article:modified_time\" content=\"2025-04-15T12:12:26+00:00\" \/>\n<meta property=\"og:image\" content=\"https:\/\/adrianoianu.com\/wp-content\/uploads\/2019\/11\/DSC01200-1.jpg\" \/>\n\t<meta property=\"og:image:width\" content=\"854\" \/>\n\t<meta property=\"og:image:height\" content=\"1280\" \/>\n\t<meta property=\"og:image:type\" content=\"image\/jpeg\" \/>\n<meta name=\"twitter:card\" content=\"summary_large_image\" \/>\n<script type=\"application\/ld+json\" class=\"yoast-schema-graph\">{\"@context\":\"https:\/\/schema.org\",\"@graph\":[{\"@type\":\"WebPage\",\"@id\":\"https:\/\/adrianoianu.com\/product\/rochie-resort-la-boheme\/\",\"url\":\"https:\/\/adrianoianu.com\/product\/rochie-resort-la-boheme\/\",\"name\":\"Rochie Resort La boh\u00e8me - unicat - Adrian Oianu\",\"isPartOf\":{\"@id\":\"https:\/\/adrianoianu.com\/#website\"},\"primaryImageOfPage\":{\"@id\":\"https:\/\/adrianoianu.com\/product\/rochie-resort-la-boheme\/#primaryimage\"},\"image\":{\"@id\":\"https:\/\/adrianoianu.com\/product\/rochie-resort-la-boheme\/#primaryimage\"},\"thumbnailUrl\":\"https:\/\/adrianoianu.com\/wp-content\/uploads\/2019\/11\/DSC01200-1.jpg\",\"datePublished\":\"2019-11-21T08:07:43+00:00\",\"dateModified\":\"2025-04-15T12:12:26+00:00\",\"breadcrumb\":{\"@id\":\"https:\/\/adrianoianu.com\/product\/rochie-resort-la-boheme\/#breadcrumb\"},\"inLanguage\":\"en-US\",\"potentialAction\":[{\"@type\":\"ReadAction\",\"target\":[\"https:\/\/adrianoianu.com\/product\/rochie-resort-la-boheme\/\"]}]},{\"@type\":\"ImageObject\",\"inLanguage\":\"en-US\",\"@id\":\"https:\/\/adrianoianu.com\/product\/rochie-resort-la-boheme\/#primaryimage\",\"url\":\"https:\/\/adrianoianu.com\/wp-content\/uploads\/2019\/11\/DSC01200-1.jpg\",\"contentUrl\":\"https:\/\/adrianoianu.com\/wp-content\/uploads\/2019\/11\/DSC01200-1.jpg\",\"width\":854,\"height\":1280},{\"@type\":\"BreadcrumbList\",\"@id\":\"https:\/\/adrianoianu.com\/product\/rochie-resort-la-boheme\/#breadcrumb\",\"itemListElement\":[{\"@type\":\"ListItem\",\"position\":1,\"name\":\"Home\",\"item\":\"https:\/\/adrianoianu.com\/home\/\"},{\"@type\":\"ListItem\",\"position\":2,\"name\":\"Shop\",\"item\":\"https:\/\/adrianoianu.com\/shop\/\"},{\"@type\":\"ListItem\",\"position\":3,\"name\":\"Rochie Resort La boh\u00e8me &#8211; unicat\"}]},{\"@type\":\"WebSite\",\"@id\":\"https:\/\/adrianoianu.com\/#website\",\"url\":\"https:\/\/adrianoianu.com\/\",\"name\":\"Adrian Oianu\",\"description\":\"Design Identitar Rom\u00e2nesc\",\"publisher\":{\"@id\":\"https:\/\/adrianoianu.com\/#organization\"},\"potentialAction\":[{\"@type\":\"SearchAction\",\"target\":{\"@type\":\"EntryPoint\",\"urlTemplate\":\"https:\/\/adrianoianu.com\/?s={search_term_string}\"},\"query-input\":{\"@type\":\"PropertyValueSpecification\",\"valueRequired\":true,\"valueName\":\"search_term_string\"}}],\"inLanguage\":\"en-US\"},{\"@type\":\"Organization\",\"@id\":\"https:\/\/adrianoianu.com\/#organization\",\"name\":\"Adrian Oianu\",\"url\":\"https:\/\/adrianoianu.com\/\",\"logo\":{\"@type\":\"ImageObject\",\"inLanguage\":\"en-US\",\"@id\":\"https:\/\/adrianoianu.com\/#\/schema\/logo\/image\/\",\"url\":\"https:\/\/adrianoianu.com\/wp-content\/uploads\/2019\/05\/Logo-oianu.jpg\",\"contentUrl\":\"https:\/\/adrianoianu.com\/wp-content\/uploads\/2019\/05\/Logo-oianu.jpg\",\"width\":100,\"height\":100,\"caption\":\"Adrian Oianu\"},\"image\":{\"@id\":\"https:\/\/adrianoianu.com\/#\/schema\/logo\/image\/\"},\"sameAs\":[\"https:\/\/www.facebook.com\/adrianoianu\/\",\"https:\/\/www.instagram.com\/adrianoianu_official\/\"]}]}<\/script>\n<!-- \/ Yoast SEO plugin. -->","yoast_head_json":{"title":"Rochie Resort La boh\u00e8me - unicat - Adrian Oianu","robots":{"index":"index","follow":"follow","max-snippet":"max-snippet:-1","max-image-preview":"max-image-preview:large","max-video-preview":"max-video-preview:-1"},"canonical":"https:\/\/adrianoianu.com\/product\/rochie-resort-la-boheme\/","og_locale":"en_US","og_type":"article","og_title":"Rochie Resort La boh\u00e8me - unicat - Adrian Oianu","og_description":"Rochie \u00een serie limitat\u0103.Din tesatura de bumbac cu insertii de fir metalic.  M\u00e2neci lungi \u0219i bufante, cu man\u0219ete \u00een volan \u0219i decolteu \u00eencre\u021bit astfel \u00eenc\u00e2t s\u0103 poat\u0103 fi purtat\u0103 \u0219i pe umeri.  Rochia este multifunc\u021bional\u0103, poate fi purtat\u0103 cu decolteul str\u00e2ns, pe un um\u0103r sau l\u0103sat\u0103 pe am\u00e2ndoi umerii, cu sau fara cordon.","og_url":"https:\/\/adrianoianu.com\/product\/rochie-resort-la-boheme\/","og_site_name":"Adrian Oianu","article_publisher":"https:\/\/www.facebook.com\/adrianoianu\/","article_modified_time":"2025-04-15T12:12:26+00:00","og_image":[{"width":854,"height":1280,"url":"https:\/\/adrianoianu.com\/wp-content\/uploads\/2019\/11\/DSC01200-1.jpg","type":"image\/jpeg"}],"twitter_card":"summary_large_image","schema":{"@context":"https:\/\/schema.org","@graph":[{"@type":"WebPage","@id":"https:\/\/adrianoianu.com\/product\/rochie-resort-la-boheme\/","url":"https:\/\/adrianoianu.com\/product\/rochie-resort-la-boheme\/","name":"Rochie Resort La boh\u00e8me - unicat - Adrian Oianu","isPartOf":{"@id":"https:\/\/adrianoianu.com\/#website"},"primaryImageOfPage":{"@id":"https:\/\/adrianoianu.com\/product\/rochie-resort-la-boheme\/#primaryimage"},"image":{"@id":"https:\/\/adrianoianu.com\/product\/rochie-resort-la-boheme\/#primaryimage"},"thumbnailUrl":"https:\/\/adrianoianu.com\/wp-content\/uploads\/2019\/11\/DSC01200-1.jpg","datePublished":"2019-11-21T08:07:43+00:00","dateModified":"2025-04-15T12:12:26+00:00","breadcrumb":{"@id":"https:\/\/adrianoianu.com\/product\/rochie-resort-la-boheme\/#breadcrumb"},"inLanguage":"en-US","potentialAction":[{"@type":"ReadAction","target":["https:\/\/adrianoianu.com\/product\/rochie-resort-la-boheme\/"]}]},{"@type":"ImageObject","inLanguage":"en-US","@id":"https:\/\/adrianoianu.com\/product\/rochie-resort-la-boheme\/#primaryimage","url":"https:\/\/adrianoianu.com\/wp-content\/uploads\/2019\/11\/DSC01200-1.jpg","contentUrl":"https:\/\/adrianoianu.com\/wp-content\/uploads\/2019\/11\/DSC01200-1.jpg","width":854,"height":1280},{"@type":"BreadcrumbList","@id":"https:\/\/adrianoianu.com\/product\/rochie-resort-la-boheme\/#breadcrumb","itemListElement":[{"@type":"ListItem","position":1,"name":"Home","item":"https:\/\/adrianoianu.com\/home\/"},{"@type":"ListItem","position":2,"name":"Shop","item":"https:\/\/adrianoianu.com\/shop\/"},{"@type":"ListItem","position":3,"name":"Rochie Resort La boh\u00e8me &#8211; unicat"}]},{"@type":"WebSite","@id":"https:\/\/adrianoianu.com\/#website","url":"https:\/\/adrianoianu.com\/","name":"Adrian Oianu","description":"Design Identitar Rom\u00e2nesc","publisher":{"@id":"https:\/\/adrianoianu.com\/#organization"},"potentialAction":[{"@type":"SearchAction","target":{"@type":"EntryPoint","urlTemplate":"https:\/\/adrianoianu.com\/?s={search_term_string}"},"query-input":{"@type":"PropertyValueSpecification","valueRequired":true,"valueName":"search_term_string"}}],"inLanguage":"en-US"},{"@type":"Organization","@id":"https:\/\/adrianoianu.com\/#organization","name":"Adrian Oianu","url":"https:\/\/adrianoianu.com\/","logo":{"@type":"ImageObject","inLanguage":"en-US","@id":"https:\/\/adrianoianu.com\/#\/schema\/logo\/image\/","url":"https:\/\/adrianoianu.com\/wp-content\/uploads\/2019\/05\/Logo-oianu.jpg","contentUrl":"https:\/\/adrianoianu.com\/wp-content\/uploads\/2019\/05\/Logo-oianu.jpg","width":100,"height":100,"caption":"Adrian Oianu"},"image":{"@id":"https:\/\/adrianoianu.com\/#\/schema\/logo\/image\/"},"sameAs":["https:\/\/www.facebook.com\/adrianoianu\/","https:\/\/www.instagram.com\/adrianoianu_official\/"]}]}},"_links":{"self":[{"href":"https:\/\/adrianoianu.com\/en\/wp-json\/wp\/v2\/product\/10742","targetHints":{"allow":["GET"]}}],"collection":[{"href":"https:\/\/adrianoianu.com\/en\/wp-json\/wp\/v2\/product"}],"about":[{"href":"https:\/\/adrianoianu.com\/en\/wp-json\/wp\/v2\/types\/product"}],"replies":[{"embeddable":true,"href":"https:\/\/adrianoianu.com\/en\/wp-json\/wp\/v2\/comments?post=10742"}],"wp:featuredmedia":[{"embeddable":true,"href":"https:\/\/adrianoianu.com\/en\/wp-json\/wp\/v2\/media\/10750"}],"wp:attachment":[{"href":"https:\/\/adrianoianu.com\/en\/wp-json\/wp\/v2\/media?parent=10742"}],"wp:term":[{"taxonomy":"product_brand","embeddable":true,"href":"https:\/\/adrianoianu.com\/en\/wp-json\/wp\/v2\/product_brand?post=10742"},{"taxonomy":"product_cat","embeddable":true,"href":"https:\/\/adrianoianu.com\/en\/wp-json\/wp\/v2\/product_cat?post=10742"},{"taxonomy":"product_tag","embeddable":true,"href":"https:\/\/adrianoianu.com\/en\/wp-json\/wp\/v2\/product_tag?post=10742"}],"curies":[{"name":"wp","href":"https:\/\/api.w.org\/{rel}","templated":true}]}}