{"id":18055,"date":"2020-06-03T15:04:45","date_gmt":"2020-06-03T12:04:45","guid":{"rendered":"https:\/\/adrianoianu.com\/?post_type=product&#038;p=18055"},"modified":"2025-04-30T17:19:27","modified_gmt":"2025-04-30T14:19:27","slug":"rochie-vranceana-cu-petale-narcisse","status":"publish","type":"product","link":"https:\/\/adrianoianu.com\/en\/product\/rochie-vranceana-cu-petale-narcisse\/","title":{"rendered":"Rochie Vranceana cu petale Narcisse"},"content":{"rendered":"","protected":false},"excerpt":{"rendered":"<p>Rochie din bumbac<\/p>\n<p>Rochia este multifunc\u021bional\u0103, poate fi purtat\u0103 cu decolteul str\u00e2ns, pe un um\u0103r sau l\u0103sat\u0103 pe am\u00e2ndoi umerii, cu sau fara cordon.<\/p>\n<p>Maneca este o reinterpretare a manecii rasucite de Vrancea, o reminiscenta a evului mediu, unica in portul popular romanesc.<\/p>\n<p>Rochia are teturi in partea de jos si terminatie in forma de petale, finisata manual.<\/p>\n<p>Esarfa cadou.<\/p>\n<p>&nbsp;<\/p>\n","protected":false},"featured_media":18056,"comment_status":"open","ping_status":"closed","template":"","meta":[],"product_brand":[],"product_cat":[52],"product_tag":[142],"class_list":{"0":"post-18055","1":"product","2":"type-product","3":"status-publish","4":"has-post-thumbnail","6":"product_cat-rochii","7":"product_tag-eflorescenta","9":"first","10":"outofstock","11":"shipping-taxable","12":"purchasable","13":"product-type-simple"},"yoast_head":"<!-- This site is optimized with the Yoast SEO plugin v27.2 - https:\/\/yoast.com\/product\/yoast-seo-wordpress\/ -->\n<title>Rochie Vranceana cu petale Narcisse - Adrian Oianu<\/title>\n<meta name=\"robots\" content=\"index, follow, max-snippet:-1, max-image-preview:large, max-video-preview:-1\" \/>\n<link rel=\"canonical\" href=\"https:\/\/adrianoianu.com\/product\/rochie-vranceana-cu-petale-narcisse\/\" \/>\n<meta property=\"og:locale\" content=\"en_US\" \/>\n<meta property=\"og:type\" content=\"article\" \/>\n<meta property=\"og:title\" content=\"Rochie Vranceana cu petale Narcisse - Adrian Oianu\" \/>\n<meta property=\"og:description\" content=\"Rochie din bumbac  Rochia este multifunc\u021bional\u0103, poate fi purtat\u0103 cu decolteul str\u00e2ns, pe un um\u0103r sau l\u0103sat\u0103 pe am\u00e2ndoi umerii, cu sau fara cordon.  Maneca este o reinterpretare a manecii rasucite de Vrancea, o reminiscenta a evului mediu, unica in portul popular romanesc.  Rochia are teturi in partea de jos si terminatie in forma de petale, finisata manual.  Esarfa cadou.  &nbsp;\" \/>\n<meta property=\"og:url\" content=\"https:\/\/adrianoianu.com\/product\/rochie-vranceana-cu-petale-narcisse\/\" \/>\n<meta property=\"og:site_name\" content=\"Adrian Oianu\" \/>\n<meta property=\"article:publisher\" content=\"https:\/\/www.facebook.com\/adrianoianu\/\" \/>\n<meta property=\"article:modified_time\" content=\"2025-04-30T14:19:27+00:00\" \/>\n<meta property=\"og:image\" content=\"https:\/\/adrianoianu.com\/wp-content\/uploads\/2020\/06\/FOTO_AdrianOianu_Rochie_Vranceana_cu_petale01.jpg\" \/>\n\t<meta property=\"og:image:width\" content=\"920\" \/>\n\t<meta property=\"og:image:height\" content=\"1280\" \/>\n\t<meta property=\"og:image:type\" content=\"image\/jpeg\" \/>\n<meta name=\"twitter:card\" content=\"summary_large_image\" \/>\n<script type=\"application\/ld+json\" class=\"yoast-schema-graph\">{\"@context\":\"https:\/\/schema.org\",\"@graph\":[{\"@type\":\"WebPage\",\"@id\":\"https:\/\/adrianoianu.com\/product\/rochie-vranceana-cu-petale-narcisse\/\",\"url\":\"https:\/\/adrianoianu.com\/product\/rochie-vranceana-cu-petale-narcisse\/\",\"name\":\"Rochie Vranceana cu petale Narcisse - Adrian Oianu\",\"isPartOf\":{\"@id\":\"https:\/\/adrianoianu.com\/#website\"},\"primaryImageOfPage\":{\"@id\":\"https:\/\/adrianoianu.com\/product\/rochie-vranceana-cu-petale-narcisse\/#primaryimage\"},\"image\":{\"@id\":\"https:\/\/adrianoianu.com\/product\/rochie-vranceana-cu-petale-narcisse\/#primaryimage\"},\"thumbnailUrl\":\"https:\/\/adrianoianu.com\/wp-content\/uploads\/2020\/06\/FOTO_AdrianOianu_Rochie_Vranceana_cu_petale01.jpg\",\"datePublished\":\"2020-06-03T12:04:45+00:00\",\"dateModified\":\"2025-04-30T14:19:27+00:00\",\"breadcrumb\":{\"@id\":\"https:\/\/adrianoianu.com\/product\/rochie-vranceana-cu-petale-narcisse\/#breadcrumb\"},\"inLanguage\":\"en-US\",\"potentialAction\":[{\"@type\":\"ReadAction\",\"target\":[\"https:\/\/adrianoianu.com\/product\/rochie-vranceana-cu-petale-narcisse\/\"]}]},{\"@type\":\"ImageObject\",\"inLanguage\":\"en-US\",\"@id\":\"https:\/\/adrianoianu.com\/product\/rochie-vranceana-cu-petale-narcisse\/#primaryimage\",\"url\":\"https:\/\/adrianoianu.com\/wp-content\/uploads\/2020\/06\/FOTO_AdrianOianu_Rochie_Vranceana_cu_petale01.jpg\",\"contentUrl\":\"https:\/\/adrianoianu.com\/wp-content\/uploads\/2020\/06\/FOTO_AdrianOianu_Rochie_Vranceana_cu_petale01.jpg\",\"width\":920,\"height\":1280},{\"@type\":\"BreadcrumbList\",\"@id\":\"https:\/\/adrianoianu.com\/product\/rochie-vranceana-cu-petale-narcisse\/#breadcrumb\",\"itemListElement\":[{\"@type\":\"ListItem\",\"position\":1,\"name\":\"Home\",\"item\":\"https:\/\/adrianoianu.com\/home\/\"},{\"@type\":\"ListItem\",\"position\":2,\"name\":\"Shop\",\"item\":\"https:\/\/adrianoianu.com\/shop\/\"},{\"@type\":\"ListItem\",\"position\":3,\"name\":\"Rochie Vranceana cu petale Narcisse\"}]},{\"@type\":\"WebSite\",\"@id\":\"https:\/\/adrianoianu.com\/#website\",\"url\":\"https:\/\/adrianoianu.com\/\",\"name\":\"Adrian Oianu\",\"description\":\"Design Identitar Rom\u00e2nesc\",\"publisher\":{\"@id\":\"https:\/\/adrianoianu.com\/#organization\"},\"potentialAction\":[{\"@type\":\"SearchAction\",\"target\":{\"@type\":\"EntryPoint\",\"urlTemplate\":\"https:\/\/adrianoianu.com\/?s={search_term_string}\"},\"query-input\":{\"@type\":\"PropertyValueSpecification\",\"valueRequired\":true,\"valueName\":\"search_term_string\"}}],\"inLanguage\":\"en-US\"},{\"@type\":\"Organization\",\"@id\":\"https:\/\/adrianoianu.com\/#organization\",\"name\":\"Adrian Oianu\",\"url\":\"https:\/\/adrianoianu.com\/\",\"logo\":{\"@type\":\"ImageObject\",\"inLanguage\":\"en-US\",\"@id\":\"https:\/\/adrianoianu.com\/#\/schema\/logo\/image\/\",\"url\":\"https:\/\/adrianoianu.com\/wp-content\/uploads\/2019\/05\/Logo-oianu.jpg\",\"contentUrl\":\"https:\/\/adrianoianu.com\/wp-content\/uploads\/2019\/05\/Logo-oianu.jpg\",\"width\":100,\"height\":100,\"caption\":\"Adrian Oianu\"},\"image\":{\"@id\":\"https:\/\/adrianoianu.com\/#\/schema\/logo\/image\/\"},\"sameAs\":[\"https:\/\/www.facebook.com\/adrianoianu\/\",\"https:\/\/www.instagram.com\/adrianoianu_official\/\"]}]}<\/script>\n<!-- \/ Yoast SEO plugin. -->","yoast_head_json":{"title":"Rochie Vranceana cu petale Narcisse - Adrian Oianu","robots":{"index":"index","follow":"follow","max-snippet":"max-snippet:-1","max-image-preview":"max-image-preview:large","max-video-preview":"max-video-preview:-1"},"canonical":"https:\/\/adrianoianu.com\/product\/rochie-vranceana-cu-petale-narcisse\/","og_locale":"en_US","og_type":"article","og_title":"Rochie Vranceana cu petale Narcisse - Adrian Oianu","og_description":"Rochie din bumbac  Rochia este multifunc\u021bional\u0103, poate fi purtat\u0103 cu decolteul str\u00e2ns, pe un um\u0103r sau l\u0103sat\u0103 pe am\u00e2ndoi umerii, cu sau fara cordon.  Maneca este o reinterpretare a manecii rasucite de Vrancea, o reminiscenta a evului mediu, unica in portul popular romanesc.  Rochia are teturi in partea de jos si terminatie in forma de petale, finisata manual.  Esarfa cadou.  &nbsp;","og_url":"https:\/\/adrianoianu.com\/product\/rochie-vranceana-cu-petale-narcisse\/","og_site_name":"Adrian Oianu","article_publisher":"https:\/\/www.facebook.com\/adrianoianu\/","article_modified_time":"2025-04-30T14:19:27+00:00","og_image":[{"width":920,"height":1280,"url":"https:\/\/adrianoianu.com\/wp-content\/uploads\/2020\/06\/FOTO_AdrianOianu_Rochie_Vranceana_cu_petale01.jpg","type":"image\/jpeg"}],"twitter_card":"summary_large_image","schema":{"@context":"https:\/\/schema.org","@graph":[{"@type":"WebPage","@id":"https:\/\/adrianoianu.com\/product\/rochie-vranceana-cu-petale-narcisse\/","url":"https:\/\/adrianoianu.com\/product\/rochie-vranceana-cu-petale-narcisse\/","name":"Rochie Vranceana cu petale Narcisse - Adrian Oianu","isPartOf":{"@id":"https:\/\/adrianoianu.com\/#website"},"primaryImageOfPage":{"@id":"https:\/\/adrianoianu.com\/product\/rochie-vranceana-cu-petale-narcisse\/#primaryimage"},"image":{"@id":"https:\/\/adrianoianu.com\/product\/rochie-vranceana-cu-petale-narcisse\/#primaryimage"},"thumbnailUrl":"https:\/\/adrianoianu.com\/wp-content\/uploads\/2020\/06\/FOTO_AdrianOianu_Rochie_Vranceana_cu_petale01.jpg","datePublished":"2020-06-03T12:04:45+00:00","dateModified":"2025-04-30T14:19:27+00:00","breadcrumb":{"@id":"https:\/\/adrianoianu.com\/product\/rochie-vranceana-cu-petale-narcisse\/#breadcrumb"},"inLanguage":"en-US","potentialAction":[{"@type":"ReadAction","target":["https:\/\/adrianoianu.com\/product\/rochie-vranceana-cu-petale-narcisse\/"]}]},{"@type":"ImageObject","inLanguage":"en-US","@id":"https:\/\/adrianoianu.com\/product\/rochie-vranceana-cu-petale-narcisse\/#primaryimage","url":"https:\/\/adrianoianu.com\/wp-content\/uploads\/2020\/06\/FOTO_AdrianOianu_Rochie_Vranceana_cu_petale01.jpg","contentUrl":"https:\/\/adrianoianu.com\/wp-content\/uploads\/2020\/06\/FOTO_AdrianOianu_Rochie_Vranceana_cu_petale01.jpg","width":920,"height":1280},{"@type":"BreadcrumbList","@id":"https:\/\/adrianoianu.com\/product\/rochie-vranceana-cu-petale-narcisse\/#breadcrumb","itemListElement":[{"@type":"ListItem","position":1,"name":"Home","item":"https:\/\/adrianoianu.com\/home\/"},{"@type":"ListItem","position":2,"name":"Shop","item":"https:\/\/adrianoianu.com\/shop\/"},{"@type":"ListItem","position":3,"name":"Rochie Vranceana cu petale Narcisse"}]},{"@type":"WebSite","@id":"https:\/\/adrianoianu.com\/#website","url":"https:\/\/adrianoianu.com\/","name":"Adrian Oianu","description":"Design Identitar Rom\u00e2nesc","publisher":{"@id":"https:\/\/adrianoianu.com\/#organization"},"potentialAction":[{"@type":"SearchAction","target":{"@type":"EntryPoint","urlTemplate":"https:\/\/adrianoianu.com\/?s={search_term_string}"},"query-input":{"@type":"PropertyValueSpecification","valueRequired":true,"valueName":"search_term_string"}}],"inLanguage":"en-US"},{"@type":"Organization","@id":"https:\/\/adrianoianu.com\/#organization","name":"Adrian Oianu","url":"https:\/\/adrianoianu.com\/","logo":{"@type":"ImageObject","inLanguage":"en-US","@id":"https:\/\/adrianoianu.com\/#\/schema\/logo\/image\/","url":"https:\/\/adrianoianu.com\/wp-content\/uploads\/2019\/05\/Logo-oianu.jpg","contentUrl":"https:\/\/adrianoianu.com\/wp-content\/uploads\/2019\/05\/Logo-oianu.jpg","width":100,"height":100,"caption":"Adrian Oianu"},"image":{"@id":"https:\/\/adrianoianu.com\/#\/schema\/logo\/image\/"},"sameAs":["https:\/\/www.facebook.com\/adrianoianu\/","https:\/\/www.instagram.com\/adrianoianu_official\/"]}]}},"_links":{"self":[{"href":"https:\/\/adrianoianu.com\/en\/wp-json\/wp\/v2\/product\/18055","targetHints":{"allow":["GET"]}}],"collection":[{"href":"https:\/\/adrianoianu.com\/en\/wp-json\/wp\/v2\/product"}],"about":[{"href":"https:\/\/adrianoianu.com\/en\/wp-json\/wp\/v2\/types\/product"}],"replies":[{"embeddable":true,"href":"https:\/\/adrianoianu.com\/en\/wp-json\/wp\/v2\/comments?post=18055"}],"wp:featuredmedia":[{"embeddable":true,"href":"https:\/\/adrianoianu.com\/en\/wp-json\/wp\/v2\/media\/18056"}],"wp:attachment":[{"href":"https:\/\/adrianoianu.com\/en\/wp-json\/wp\/v2\/media?parent=18055"}],"wp:term":[{"taxonomy":"product_brand","embeddable":true,"href":"https:\/\/adrianoianu.com\/en\/wp-json\/wp\/v2\/product_brand?post=18055"},{"taxonomy":"product_cat","embeddable":true,"href":"https:\/\/adrianoianu.com\/en\/wp-json\/wp\/v2\/product_cat?post=18055"},{"taxonomy":"product_tag","embeddable":true,"href":"https:\/\/adrianoianu.com\/en\/wp-json\/wp\/v2\/product_tag?post=18055"}],"curies":[{"name":"wp","href":"https:\/\/api.w.org\/{rel}","templated":true}]}}