{"id":18278,"date":"2020-06-11T17:25:20","date_gmt":"2020-06-11T14:25:20","guid":{"rendered":"https:\/\/adrianoianu.com\/?post_type=product&#038;p=18278"},"modified":"2025-03-29T10:26:34","modified_gmt":"2025-03-29T07:26:34","slug":"rochie-vranceana-cu-catrinta","status":"publish","type":"product","link":"https:\/\/adrianoianu.com\/en\/product\/rochie-vranceana-cu-catrinta\/","title":{"rendered":"Rochie vranceana cu catrinta"},"content":{"rendered":"<p>Rochie din batist cu picouri in serie limitata, cu teturi, un volan si maneca rasucita.<\/p>\n<p>&nbsp;<\/p>\n<p>Inaltime model: 1.71<\/p>\n<p>&nbsp;<\/p>\n<p>&nbsp;<\/p>\n","protected":false},"excerpt":{"rendered":"<p>Rochie din bumbac cu broderie realizata manual.<\/p>\n<p>Rochia este multifunc\u021bional\u0103, poate fi purtat\u0103 cu decolteul str\u00e2ns, pe un um\u0103r sau l\u0103sat\u0103 pe am\u00e2ndoi umerii, cu sau fara cordon.<\/p>\n<p>Maneca este o reinterpretare a manecii rasucite de Vrancea, o reminiscenta a evului mediu, unica in portul popular romanesc.<\/p>\n<p>Motivele romanesti\u00a0 sunt brodate manual direct pe material.<\/p>\n<p>Esarfa cadou.<\/p>\n<p>&nbsp;<\/p>\n","protected":false},"featured_media":18279,"comment_status":"open","ping_status":"closed","template":"","meta":[],"product_brand":[],"product_cat":[270,52],"product_tag":[142],"class_list":{"0":"post-18278","1":"product","2":"type-product","3":"status-publish","4":"has-post-thumbnail","6":"product_cat-bazar-diplomatic-bruxelles","7":"product_cat-rochii","8":"product_tag-eflorescenta","10":"first","11":"onbackorder","12":"shipping-taxable","13":"purchasable","14":"product-type-simple"},"yoast_head":"<!-- This site is optimized with the Yoast SEO plugin v27.2 - https:\/\/yoast.com\/product\/yoast-seo-wordpress\/ -->\n<title>Rochie vranceana cu catrinta - Adrian Oianu<\/title>\n<meta name=\"robots\" content=\"index, follow, max-snippet:-1, max-image-preview:large, max-video-preview:-1\" \/>\n<link rel=\"canonical\" href=\"https:\/\/adrianoianu.com\/product\/rochie-vranceana-cu-catrinta\/\" \/>\n<meta property=\"og:locale\" content=\"en_US\" \/>\n<meta property=\"og:type\" content=\"article\" \/>\n<meta property=\"og:title\" content=\"Rochie vranceana cu catrinta - Adrian Oianu\" \/>\n<meta property=\"og:description\" content=\"Rochie din bumbac cu broderie realizata manual.  Rochia este multifunc\u021bional\u0103, poate fi purtat\u0103 cu decolteul str\u00e2ns, pe un um\u0103r sau l\u0103sat\u0103 pe am\u00e2ndoi umerii, cu sau fara cordon.  Maneca este o reinterpretare a manecii rasucite de Vrancea, o reminiscenta a evului mediu, unica in portul popular romanesc.  Motivele romanesti\u00a0 sunt brodate manual direct pe material.  Esarfa cadou.  &nbsp;\" \/>\n<meta property=\"og:url\" content=\"https:\/\/adrianoianu.com\/product\/rochie-vranceana-cu-catrinta\/\" \/>\n<meta property=\"og:site_name\" content=\"Adrian Oianu\" \/>\n<meta property=\"article:publisher\" content=\"https:\/\/www.facebook.com\/adrianoianu\/\" \/>\n<meta property=\"article:modified_time\" content=\"2025-03-29T07:26:34+00:00\" \/>\n<meta property=\"og:image\" content=\"https:\/\/adrianoianu.com\/wp-content\/uploads\/2020\/06\/FOTO_AdrianOianu_Vranceana_cu_Catrinta01.jpg\" \/>\n\t<meta property=\"og:image:width\" content=\"1161\" \/>\n\t<meta property=\"og:image:height\" content=\"1280\" \/>\n\t<meta property=\"og:image:type\" content=\"image\/jpeg\" \/>\n<meta name=\"twitter:card\" content=\"summary_large_image\" \/>\n<script type=\"application\/ld+json\" class=\"yoast-schema-graph\">{\"@context\":\"https:\/\/schema.org\",\"@graph\":[{\"@type\":\"WebPage\",\"@id\":\"https:\/\/adrianoianu.com\/product\/rochie-vranceana-cu-catrinta\/\",\"url\":\"https:\/\/adrianoianu.com\/product\/rochie-vranceana-cu-catrinta\/\",\"name\":\"Rochie vranceana cu catrinta - Adrian Oianu\",\"isPartOf\":{\"@id\":\"https:\/\/adrianoianu.com\/#website\"},\"primaryImageOfPage\":{\"@id\":\"https:\/\/adrianoianu.com\/product\/rochie-vranceana-cu-catrinta\/#primaryimage\"},\"image\":{\"@id\":\"https:\/\/adrianoianu.com\/product\/rochie-vranceana-cu-catrinta\/#primaryimage\"},\"thumbnailUrl\":\"https:\/\/adrianoianu.com\/wp-content\/uploads\/2020\/06\/FOTO_AdrianOianu_Vranceana_cu_Catrinta01.jpg\",\"datePublished\":\"2020-06-11T14:25:20+00:00\",\"dateModified\":\"2025-03-29T07:26:34+00:00\",\"breadcrumb\":{\"@id\":\"https:\/\/adrianoianu.com\/product\/rochie-vranceana-cu-catrinta\/#breadcrumb\"},\"inLanguage\":\"en-US\",\"potentialAction\":[{\"@type\":\"ReadAction\",\"target\":[\"https:\/\/adrianoianu.com\/product\/rochie-vranceana-cu-catrinta\/\"]}]},{\"@type\":\"ImageObject\",\"inLanguage\":\"en-US\",\"@id\":\"https:\/\/adrianoianu.com\/product\/rochie-vranceana-cu-catrinta\/#primaryimage\",\"url\":\"https:\/\/adrianoianu.com\/wp-content\/uploads\/2020\/06\/FOTO_AdrianOianu_Vranceana_cu_Catrinta01.jpg\",\"contentUrl\":\"https:\/\/adrianoianu.com\/wp-content\/uploads\/2020\/06\/FOTO_AdrianOianu_Vranceana_cu_Catrinta01.jpg\",\"width\":1161,\"height\":1280},{\"@type\":\"BreadcrumbList\",\"@id\":\"https:\/\/adrianoianu.com\/product\/rochie-vranceana-cu-catrinta\/#breadcrumb\",\"itemListElement\":[{\"@type\":\"ListItem\",\"position\":1,\"name\":\"Home\",\"item\":\"https:\/\/adrianoianu.com\/home\/\"},{\"@type\":\"ListItem\",\"position\":2,\"name\":\"Shop\",\"item\":\"https:\/\/adrianoianu.com\/shop\/\"},{\"@type\":\"ListItem\",\"position\":3,\"name\":\"Rochie vranceana cu catrinta\"}]},{\"@type\":\"WebSite\",\"@id\":\"https:\/\/adrianoianu.com\/#website\",\"url\":\"https:\/\/adrianoianu.com\/\",\"name\":\"Adrian Oianu\",\"description\":\"Design Identitar Rom\u00e2nesc\",\"publisher\":{\"@id\":\"https:\/\/adrianoianu.com\/#organization\"},\"potentialAction\":[{\"@type\":\"SearchAction\",\"target\":{\"@type\":\"EntryPoint\",\"urlTemplate\":\"https:\/\/adrianoianu.com\/?s={search_term_string}\"},\"query-input\":{\"@type\":\"PropertyValueSpecification\",\"valueRequired\":true,\"valueName\":\"search_term_string\"}}],\"inLanguage\":\"en-US\"},{\"@type\":\"Organization\",\"@id\":\"https:\/\/adrianoianu.com\/#organization\",\"name\":\"Adrian Oianu\",\"url\":\"https:\/\/adrianoianu.com\/\",\"logo\":{\"@type\":\"ImageObject\",\"inLanguage\":\"en-US\",\"@id\":\"https:\/\/adrianoianu.com\/#\/schema\/logo\/image\/\",\"url\":\"https:\/\/adrianoianu.com\/wp-content\/uploads\/2019\/05\/Logo-oianu.jpg\",\"contentUrl\":\"https:\/\/adrianoianu.com\/wp-content\/uploads\/2019\/05\/Logo-oianu.jpg\",\"width\":100,\"height\":100,\"caption\":\"Adrian Oianu\"},\"image\":{\"@id\":\"https:\/\/adrianoianu.com\/#\/schema\/logo\/image\/\"},\"sameAs\":[\"https:\/\/www.facebook.com\/adrianoianu\/\",\"https:\/\/www.instagram.com\/adrianoianu_official\/\"]}]}<\/script>\n<!-- \/ Yoast SEO plugin. -->","yoast_head_json":{"title":"Rochie vranceana cu catrinta - Adrian Oianu","robots":{"index":"index","follow":"follow","max-snippet":"max-snippet:-1","max-image-preview":"max-image-preview:large","max-video-preview":"max-video-preview:-1"},"canonical":"https:\/\/adrianoianu.com\/product\/rochie-vranceana-cu-catrinta\/","og_locale":"en_US","og_type":"article","og_title":"Rochie vranceana cu catrinta - Adrian Oianu","og_description":"Rochie din bumbac cu broderie realizata manual.  Rochia este multifunc\u021bional\u0103, poate fi purtat\u0103 cu decolteul str\u00e2ns, pe un um\u0103r sau l\u0103sat\u0103 pe am\u00e2ndoi umerii, cu sau fara cordon.  Maneca este o reinterpretare a manecii rasucite de Vrancea, o reminiscenta a evului mediu, unica in portul popular romanesc.  Motivele romanesti\u00a0 sunt brodate manual direct pe material.  Esarfa cadou.  &nbsp;","og_url":"https:\/\/adrianoianu.com\/product\/rochie-vranceana-cu-catrinta\/","og_site_name":"Adrian Oianu","article_publisher":"https:\/\/www.facebook.com\/adrianoianu\/","article_modified_time":"2025-03-29T07:26:34+00:00","og_image":[{"width":1161,"height":1280,"url":"https:\/\/adrianoianu.com\/wp-content\/uploads\/2020\/06\/FOTO_AdrianOianu_Vranceana_cu_Catrinta01.jpg","type":"image\/jpeg"}],"twitter_card":"summary_large_image","schema":{"@context":"https:\/\/schema.org","@graph":[{"@type":"WebPage","@id":"https:\/\/adrianoianu.com\/product\/rochie-vranceana-cu-catrinta\/","url":"https:\/\/adrianoianu.com\/product\/rochie-vranceana-cu-catrinta\/","name":"Rochie vranceana cu catrinta - Adrian Oianu","isPartOf":{"@id":"https:\/\/adrianoianu.com\/#website"},"primaryImageOfPage":{"@id":"https:\/\/adrianoianu.com\/product\/rochie-vranceana-cu-catrinta\/#primaryimage"},"image":{"@id":"https:\/\/adrianoianu.com\/product\/rochie-vranceana-cu-catrinta\/#primaryimage"},"thumbnailUrl":"https:\/\/adrianoianu.com\/wp-content\/uploads\/2020\/06\/FOTO_AdrianOianu_Vranceana_cu_Catrinta01.jpg","datePublished":"2020-06-11T14:25:20+00:00","dateModified":"2025-03-29T07:26:34+00:00","breadcrumb":{"@id":"https:\/\/adrianoianu.com\/product\/rochie-vranceana-cu-catrinta\/#breadcrumb"},"inLanguage":"en-US","potentialAction":[{"@type":"ReadAction","target":["https:\/\/adrianoianu.com\/product\/rochie-vranceana-cu-catrinta\/"]}]},{"@type":"ImageObject","inLanguage":"en-US","@id":"https:\/\/adrianoianu.com\/product\/rochie-vranceana-cu-catrinta\/#primaryimage","url":"https:\/\/adrianoianu.com\/wp-content\/uploads\/2020\/06\/FOTO_AdrianOianu_Vranceana_cu_Catrinta01.jpg","contentUrl":"https:\/\/adrianoianu.com\/wp-content\/uploads\/2020\/06\/FOTO_AdrianOianu_Vranceana_cu_Catrinta01.jpg","width":1161,"height":1280},{"@type":"BreadcrumbList","@id":"https:\/\/adrianoianu.com\/product\/rochie-vranceana-cu-catrinta\/#breadcrumb","itemListElement":[{"@type":"ListItem","position":1,"name":"Home","item":"https:\/\/adrianoianu.com\/home\/"},{"@type":"ListItem","position":2,"name":"Shop","item":"https:\/\/adrianoianu.com\/shop\/"},{"@type":"ListItem","position":3,"name":"Rochie vranceana cu catrinta"}]},{"@type":"WebSite","@id":"https:\/\/adrianoianu.com\/#website","url":"https:\/\/adrianoianu.com\/","name":"Adrian Oianu","description":"Design Identitar Rom\u00e2nesc","publisher":{"@id":"https:\/\/adrianoianu.com\/#organization"},"potentialAction":[{"@type":"SearchAction","target":{"@type":"EntryPoint","urlTemplate":"https:\/\/adrianoianu.com\/?s={search_term_string}"},"query-input":{"@type":"PropertyValueSpecification","valueRequired":true,"valueName":"search_term_string"}}],"inLanguage":"en-US"},{"@type":"Organization","@id":"https:\/\/adrianoianu.com\/#organization","name":"Adrian Oianu","url":"https:\/\/adrianoianu.com\/","logo":{"@type":"ImageObject","inLanguage":"en-US","@id":"https:\/\/adrianoianu.com\/#\/schema\/logo\/image\/","url":"https:\/\/adrianoianu.com\/wp-content\/uploads\/2019\/05\/Logo-oianu.jpg","contentUrl":"https:\/\/adrianoianu.com\/wp-content\/uploads\/2019\/05\/Logo-oianu.jpg","width":100,"height":100,"caption":"Adrian Oianu"},"image":{"@id":"https:\/\/adrianoianu.com\/#\/schema\/logo\/image\/"},"sameAs":["https:\/\/www.facebook.com\/adrianoianu\/","https:\/\/www.instagram.com\/adrianoianu_official\/"]}]}},"_links":{"self":[{"href":"https:\/\/adrianoianu.com\/en\/wp-json\/wp\/v2\/product\/18278","targetHints":{"allow":["GET"]}}],"collection":[{"href":"https:\/\/adrianoianu.com\/en\/wp-json\/wp\/v2\/product"}],"about":[{"href":"https:\/\/adrianoianu.com\/en\/wp-json\/wp\/v2\/types\/product"}],"replies":[{"embeddable":true,"href":"https:\/\/adrianoianu.com\/en\/wp-json\/wp\/v2\/comments?post=18278"}],"wp:featuredmedia":[{"embeddable":true,"href":"https:\/\/adrianoianu.com\/en\/wp-json\/wp\/v2\/media\/18279"}],"wp:attachment":[{"href":"https:\/\/adrianoianu.com\/en\/wp-json\/wp\/v2\/media?parent=18278"}],"wp:term":[{"taxonomy":"product_brand","embeddable":true,"href":"https:\/\/adrianoianu.com\/en\/wp-json\/wp\/v2\/product_brand?post=18278"},{"taxonomy":"product_cat","embeddable":true,"href":"https:\/\/adrianoianu.com\/en\/wp-json\/wp\/v2\/product_cat?post=18278"},{"taxonomy":"product_tag","embeddable":true,"href":"https:\/\/adrianoianu.com\/en\/wp-json\/wp\/v2\/product_tag?post=18278"}],"curies":[{"name":"wp","href":"https:\/\/api.w.org\/{rel}","templated":true}]}}