{"id":18420,"date":"2020-07-29T15:24:25","date_gmt":"2020-07-29T12:24:25","guid":{"rendered":"https:\/\/adrianoianu.com\/?post_type=product&#038;p=18420"},"modified":"2023-07-10T21:41:04","modified_gmt":"2023-07-10T18:41:04","slug":"rochie-celestial-poem","status":"publish","type":"product","link":"https:\/\/adrianoianu.com\/en\/product\/rochie-celestial-poem\/","title":{"rendered":"Rochie Celestial Poem"},"content":{"rendered":"","protected":false},"excerpt":{"rendered":"<p>Rochie asimetrica din bumbac texturat.<\/p>\n<p>Maneci scurte si cordon detasabil.<\/p>\n<p>Rochia este multifunc\u021bional\u0103, poate fi purtat\u0103 cu decolteul incratit, pe un um\u0103r sau l\u0103sat\u0103 pe am\u00e2ndoi umerii, cu sau fara cordon.<\/p>\n<p>Aplicatii tip &#8220;patch&#8221; cu motive traditionale romanesti (steaua in opt colturi ) brodata manual direct pe material.<\/p>\n<p>Modelul are inaltimea de 1,71m.<\/p>\n","protected":false},"featured_media":18421,"comment_status":"open","ping_status":"closed","template":"","meta":[],"product_brand":[],"product_cat":[52],"product_tag":[142],"class_list":{"0":"post-18420","1":"product","2":"type-product","3":"status-publish","4":"has-post-thumbnail","6":"product_cat-rochii","7":"product_tag-eflorescenta","9":"first","10":"outofstock","11":"shipping-taxable","12":"purchasable","13":"product-type-simple"},"yoast_head":"<!-- This site is optimized with the Yoast SEO plugin v27.2 - https:\/\/yoast.com\/product\/yoast-seo-wordpress\/ -->\n<title>Rochie Celestial Poem - Adrian Oianu<\/title>\n<meta name=\"robots\" content=\"index, follow, max-snippet:-1, max-image-preview:large, max-video-preview:-1\" \/>\n<link rel=\"canonical\" href=\"https:\/\/adrianoianu.com\/product\/rochie-celestial-poem\/\" \/>\n<meta property=\"og:locale\" content=\"en_US\" \/>\n<meta property=\"og:type\" content=\"article\" \/>\n<meta property=\"og:title\" content=\"Rochie Celestial Poem - Adrian Oianu\" \/>\n<meta property=\"og:description\" content=\"Rochie asimetrica din bumbac texturat.  Maneci scurte si cordon detasabil.  Rochia este multifunc\u021bional\u0103, poate fi purtat\u0103 cu decolteul incratit, pe un um\u0103r sau l\u0103sat\u0103 pe am\u00e2ndoi umerii, cu sau fara cordon.  Aplicatii tip &quot;patch&quot; cu motive traditionale romanesti (steaua in opt colturi ) brodata manual direct pe material.  Modelul are inaltimea de 1,71m.\" \/>\n<meta property=\"og:url\" content=\"https:\/\/adrianoianu.com\/product\/rochie-celestial-poem\/\" \/>\n<meta property=\"og:site_name\" content=\"Adrian Oianu\" \/>\n<meta property=\"article:publisher\" content=\"https:\/\/www.facebook.com\/adrianoianu\/\" \/>\n<meta property=\"article:modified_time\" content=\"2023-07-10T18:41:04+00:00\" \/>\n<meta property=\"og:image\" content=\"https:\/\/adrianoianu.com\/wp-content\/uploads\/2020\/07\/FOTO_AdrianOianu_Rochie_Celestial_Poem03.jpg\" \/>\n\t<meta property=\"og:image:width\" content=\"768\" \/>\n\t<meta property=\"og:image:height\" content=\"960\" \/>\n\t<meta property=\"og:image:type\" content=\"image\/jpeg\" \/>\n<meta name=\"twitter:card\" content=\"summary_large_image\" \/>\n<script type=\"application\/ld+json\" class=\"yoast-schema-graph\">{\"@context\":\"https:\/\/schema.org\",\"@graph\":[{\"@type\":\"WebPage\",\"@id\":\"https:\/\/adrianoianu.com\/product\/rochie-celestial-poem\/\",\"url\":\"https:\/\/adrianoianu.com\/product\/rochie-celestial-poem\/\",\"name\":\"Rochie Celestial Poem - Adrian Oianu\",\"isPartOf\":{\"@id\":\"https:\/\/adrianoianu.com\/#website\"},\"primaryImageOfPage\":{\"@id\":\"https:\/\/adrianoianu.com\/product\/rochie-celestial-poem\/#primaryimage\"},\"image\":{\"@id\":\"https:\/\/adrianoianu.com\/product\/rochie-celestial-poem\/#primaryimage\"},\"thumbnailUrl\":\"https:\/\/adrianoianu.com\/wp-content\/uploads\/2020\/07\/FOTO_AdrianOianu_Rochie_Celestial_Poem03.jpg\",\"datePublished\":\"2020-07-29T12:24:25+00:00\",\"dateModified\":\"2023-07-10T18:41:04+00:00\",\"breadcrumb\":{\"@id\":\"https:\/\/adrianoianu.com\/product\/rochie-celestial-poem\/#breadcrumb\"},\"inLanguage\":\"en-US\",\"potentialAction\":[{\"@type\":\"ReadAction\",\"target\":[\"https:\/\/adrianoianu.com\/product\/rochie-celestial-poem\/\"]}]},{\"@type\":\"ImageObject\",\"inLanguage\":\"en-US\",\"@id\":\"https:\/\/adrianoianu.com\/product\/rochie-celestial-poem\/#primaryimage\",\"url\":\"https:\/\/adrianoianu.com\/wp-content\/uploads\/2020\/07\/FOTO_AdrianOianu_Rochie_Celestial_Poem03.jpg\",\"contentUrl\":\"https:\/\/adrianoianu.com\/wp-content\/uploads\/2020\/07\/FOTO_AdrianOianu_Rochie_Celestial_Poem03.jpg\",\"width\":768,\"height\":960},{\"@type\":\"BreadcrumbList\",\"@id\":\"https:\/\/adrianoianu.com\/product\/rochie-celestial-poem\/#breadcrumb\",\"itemListElement\":[{\"@type\":\"ListItem\",\"position\":1,\"name\":\"Home\",\"item\":\"https:\/\/adrianoianu.com\/home\/\"},{\"@type\":\"ListItem\",\"position\":2,\"name\":\"Shop\",\"item\":\"https:\/\/adrianoianu.com\/shop\/\"},{\"@type\":\"ListItem\",\"position\":3,\"name\":\"Rochie Celestial Poem\"}]},{\"@type\":\"WebSite\",\"@id\":\"https:\/\/adrianoianu.com\/#website\",\"url\":\"https:\/\/adrianoianu.com\/\",\"name\":\"Adrian Oianu\",\"description\":\"Design Identitar Rom\u00e2nesc\",\"publisher\":{\"@id\":\"https:\/\/adrianoianu.com\/#organization\"},\"potentialAction\":[{\"@type\":\"SearchAction\",\"target\":{\"@type\":\"EntryPoint\",\"urlTemplate\":\"https:\/\/adrianoianu.com\/?s={search_term_string}\"},\"query-input\":{\"@type\":\"PropertyValueSpecification\",\"valueRequired\":true,\"valueName\":\"search_term_string\"}}],\"inLanguage\":\"en-US\"},{\"@type\":\"Organization\",\"@id\":\"https:\/\/adrianoianu.com\/#organization\",\"name\":\"Adrian Oianu\",\"url\":\"https:\/\/adrianoianu.com\/\",\"logo\":{\"@type\":\"ImageObject\",\"inLanguage\":\"en-US\",\"@id\":\"https:\/\/adrianoianu.com\/#\/schema\/logo\/image\/\",\"url\":\"https:\/\/adrianoianu.com\/wp-content\/uploads\/2019\/05\/Logo-oianu.jpg\",\"contentUrl\":\"https:\/\/adrianoianu.com\/wp-content\/uploads\/2019\/05\/Logo-oianu.jpg\",\"width\":100,\"height\":100,\"caption\":\"Adrian Oianu\"},\"image\":{\"@id\":\"https:\/\/adrianoianu.com\/#\/schema\/logo\/image\/\"},\"sameAs\":[\"https:\/\/www.facebook.com\/adrianoianu\/\",\"https:\/\/www.instagram.com\/adrianoianu_official\/\"]}]}<\/script>\n<!-- \/ Yoast SEO plugin. -->","yoast_head_json":{"title":"Rochie Celestial Poem - Adrian Oianu","robots":{"index":"index","follow":"follow","max-snippet":"max-snippet:-1","max-image-preview":"max-image-preview:large","max-video-preview":"max-video-preview:-1"},"canonical":"https:\/\/adrianoianu.com\/product\/rochie-celestial-poem\/","og_locale":"en_US","og_type":"article","og_title":"Rochie Celestial Poem - Adrian Oianu","og_description":"Rochie asimetrica din bumbac texturat.  Maneci scurte si cordon detasabil.  Rochia este multifunc\u021bional\u0103, poate fi purtat\u0103 cu decolteul incratit, pe un um\u0103r sau l\u0103sat\u0103 pe am\u00e2ndoi umerii, cu sau fara cordon.  Aplicatii tip \"patch\" cu motive traditionale romanesti (steaua in opt colturi ) brodata manual direct pe material.  Modelul are inaltimea de 1,71m.","og_url":"https:\/\/adrianoianu.com\/product\/rochie-celestial-poem\/","og_site_name":"Adrian Oianu","article_publisher":"https:\/\/www.facebook.com\/adrianoianu\/","article_modified_time":"2023-07-10T18:41:04+00:00","og_image":[{"width":768,"height":960,"url":"https:\/\/adrianoianu.com\/wp-content\/uploads\/2020\/07\/FOTO_AdrianOianu_Rochie_Celestial_Poem03.jpg","type":"image\/jpeg"}],"twitter_card":"summary_large_image","schema":{"@context":"https:\/\/schema.org","@graph":[{"@type":"WebPage","@id":"https:\/\/adrianoianu.com\/product\/rochie-celestial-poem\/","url":"https:\/\/adrianoianu.com\/product\/rochie-celestial-poem\/","name":"Rochie Celestial Poem - Adrian Oianu","isPartOf":{"@id":"https:\/\/adrianoianu.com\/#website"},"primaryImageOfPage":{"@id":"https:\/\/adrianoianu.com\/product\/rochie-celestial-poem\/#primaryimage"},"image":{"@id":"https:\/\/adrianoianu.com\/product\/rochie-celestial-poem\/#primaryimage"},"thumbnailUrl":"https:\/\/adrianoianu.com\/wp-content\/uploads\/2020\/07\/FOTO_AdrianOianu_Rochie_Celestial_Poem03.jpg","datePublished":"2020-07-29T12:24:25+00:00","dateModified":"2023-07-10T18:41:04+00:00","breadcrumb":{"@id":"https:\/\/adrianoianu.com\/product\/rochie-celestial-poem\/#breadcrumb"},"inLanguage":"en-US","potentialAction":[{"@type":"ReadAction","target":["https:\/\/adrianoianu.com\/product\/rochie-celestial-poem\/"]}]},{"@type":"ImageObject","inLanguage":"en-US","@id":"https:\/\/adrianoianu.com\/product\/rochie-celestial-poem\/#primaryimage","url":"https:\/\/adrianoianu.com\/wp-content\/uploads\/2020\/07\/FOTO_AdrianOianu_Rochie_Celestial_Poem03.jpg","contentUrl":"https:\/\/adrianoianu.com\/wp-content\/uploads\/2020\/07\/FOTO_AdrianOianu_Rochie_Celestial_Poem03.jpg","width":768,"height":960},{"@type":"BreadcrumbList","@id":"https:\/\/adrianoianu.com\/product\/rochie-celestial-poem\/#breadcrumb","itemListElement":[{"@type":"ListItem","position":1,"name":"Home","item":"https:\/\/adrianoianu.com\/home\/"},{"@type":"ListItem","position":2,"name":"Shop","item":"https:\/\/adrianoianu.com\/shop\/"},{"@type":"ListItem","position":3,"name":"Rochie Celestial Poem"}]},{"@type":"WebSite","@id":"https:\/\/adrianoianu.com\/#website","url":"https:\/\/adrianoianu.com\/","name":"Adrian Oianu","description":"Design Identitar Rom\u00e2nesc","publisher":{"@id":"https:\/\/adrianoianu.com\/#organization"},"potentialAction":[{"@type":"SearchAction","target":{"@type":"EntryPoint","urlTemplate":"https:\/\/adrianoianu.com\/?s={search_term_string}"},"query-input":{"@type":"PropertyValueSpecification","valueRequired":true,"valueName":"search_term_string"}}],"inLanguage":"en-US"},{"@type":"Organization","@id":"https:\/\/adrianoianu.com\/#organization","name":"Adrian Oianu","url":"https:\/\/adrianoianu.com\/","logo":{"@type":"ImageObject","inLanguage":"en-US","@id":"https:\/\/adrianoianu.com\/#\/schema\/logo\/image\/","url":"https:\/\/adrianoianu.com\/wp-content\/uploads\/2019\/05\/Logo-oianu.jpg","contentUrl":"https:\/\/adrianoianu.com\/wp-content\/uploads\/2019\/05\/Logo-oianu.jpg","width":100,"height":100,"caption":"Adrian Oianu"},"image":{"@id":"https:\/\/adrianoianu.com\/#\/schema\/logo\/image\/"},"sameAs":["https:\/\/www.facebook.com\/adrianoianu\/","https:\/\/www.instagram.com\/adrianoianu_official\/"]}]}},"_links":{"self":[{"href":"https:\/\/adrianoianu.com\/en\/wp-json\/wp\/v2\/product\/18420","targetHints":{"allow":["GET"]}}],"collection":[{"href":"https:\/\/adrianoianu.com\/en\/wp-json\/wp\/v2\/product"}],"about":[{"href":"https:\/\/adrianoianu.com\/en\/wp-json\/wp\/v2\/types\/product"}],"replies":[{"embeddable":true,"href":"https:\/\/adrianoianu.com\/en\/wp-json\/wp\/v2\/comments?post=18420"}],"wp:featuredmedia":[{"embeddable":true,"href":"https:\/\/adrianoianu.com\/en\/wp-json\/wp\/v2\/media\/18421"}],"wp:attachment":[{"href":"https:\/\/adrianoianu.com\/en\/wp-json\/wp\/v2\/media?parent=18420"}],"wp:term":[{"taxonomy":"product_brand","embeddable":true,"href":"https:\/\/adrianoianu.com\/en\/wp-json\/wp\/v2\/product_brand?post=18420"},{"taxonomy":"product_cat","embeddable":true,"href":"https:\/\/adrianoianu.com\/en\/wp-json\/wp\/v2\/product_cat?post=18420"},{"taxonomy":"product_tag","embeddable":true,"href":"https:\/\/adrianoianu.com\/en\/wp-json\/wp\/v2\/product_tag?post=18420"}],"curies":[{"name":"wp","href":"https:\/\/api.w.org\/{rel}","templated":true}]}}