{"id":20985,"date":"2023-05-28T17:02:57","date_gmt":"2023-05-28T14:02:57","guid":{"rendered":"https:\/\/adrianoianu.com\/?post_type=product&#038;p=20985"},"modified":"2025-03-06T18:17:47","modified_gmt":"2025-03-06T15:17:47","slug":"rochie-wrap-dark-romance","status":"publish","type":"product","link":"https:\/\/adrianoianu.com\/en\/product\/rochie-wrap-dark-romance\/","title":{"rendered":"Rochie wrap dark romance"},"content":{"rendered":"","protected":false},"excerpt":{"rendered":"<p>Rochie petrecut\u0103, midi, din bumbac cu imprimeu floral.<\/p>\n<p>Decolteu \u00een &#8216;V&#8217; cu volane \u00een r\u0103scroi \u0219i m\u00e2nec\u0103 scurt\u0103.<\/p>\n<p>\u00cenchidere cu noji\u021be de siguran\u021b\u0103 \u0219i cordon. Guler.<\/p>\n<p>Compozi\u021bie: jerse de rayon .<\/p>\n<p>*Recomand\u0103m exculsiv cur\u0103\u021barea chimic\u0103.<\/p>\n","protected":false},"featured_media":20986,"comment_status":"open","ping_status":"closed","template":"","meta":[],"product_brand":[],"product_cat":[272],"product_tag":[],"class_list":{"0":"post-20985","1":"product","2":"type-product","3":"status-publish","4":"has-post-thumbnail","6":"product_cat-sale","8":"first","9":"outofstock","10":"sale","11":"shipping-taxable","12":"purchasable","13":"product-type-simple"},"yoast_head":"<!-- This site is optimized with the Yoast SEO plugin v27.2 - https:\/\/yoast.com\/product\/yoast-seo-wordpress\/ -->\n<title>Rochie wrap dark romance - Adrian Oianu<\/title>\n<meta name=\"robots\" content=\"index, follow, max-snippet:-1, max-image-preview:large, max-video-preview:-1\" \/>\n<link rel=\"canonical\" href=\"https:\/\/adrianoianu.com\/product\/rochie-wrap-dark-romance\/\" \/>\n<meta property=\"og:locale\" content=\"en_US\" \/>\n<meta property=\"og:type\" content=\"article\" \/>\n<meta property=\"og:title\" content=\"Rochie wrap dark romance - Adrian Oianu\" \/>\n<meta property=\"og:description\" content=\"Rochie petrecut\u0103, midi, din bumbac cu imprimeu floral.  Decolteu \u00een &#039;V&#039; cu volane \u00een r\u0103scroi \u0219i m\u00e2nec\u0103 scurt\u0103.  \u00cenchidere cu noji\u021be de siguran\u021b\u0103 \u0219i cordon. Guler.  Compozi\u021bie: jerse de rayon .  *Recomand\u0103m exculsiv cur\u0103\u021barea chimic\u0103.\" \/>\n<meta property=\"og:url\" content=\"https:\/\/adrianoianu.com\/product\/rochie-wrap-dark-romance\/\" \/>\n<meta property=\"og:site_name\" content=\"Adrian Oianu\" \/>\n<meta property=\"article:publisher\" content=\"https:\/\/www.facebook.com\/adrianoianu\/\" \/>\n<meta property=\"article:modified_time\" content=\"2025-03-06T15:17:47+00:00\" \/>\n<meta property=\"og:image\" content=\"https:\/\/adrianoianu.com\/wp-content\/uploads\/2023\/05\/IMG_20230528_152133-scaled.jpg\" \/>\n\t<meta property=\"og:image:width\" content=\"1459\" \/>\n\t<meta property=\"og:image:height\" content=\"2560\" \/>\n\t<meta property=\"og:image:type\" content=\"image\/jpeg\" \/>\n<meta name=\"twitter:card\" content=\"summary_large_image\" \/>\n<script type=\"application\/ld+json\" class=\"yoast-schema-graph\">{\"@context\":\"https:\/\/schema.org\",\"@graph\":[{\"@type\":\"WebPage\",\"@id\":\"https:\/\/adrianoianu.com\/product\/rochie-wrap-dark-romance\/\",\"url\":\"https:\/\/adrianoianu.com\/product\/rochie-wrap-dark-romance\/\",\"name\":\"Rochie wrap dark romance - Adrian Oianu\",\"isPartOf\":{\"@id\":\"https:\/\/adrianoianu.com\/#website\"},\"primaryImageOfPage\":{\"@id\":\"https:\/\/adrianoianu.com\/product\/rochie-wrap-dark-romance\/#primaryimage\"},\"image\":{\"@id\":\"https:\/\/adrianoianu.com\/product\/rochie-wrap-dark-romance\/#primaryimage\"},\"thumbnailUrl\":\"https:\/\/adrianoianu.com\/wp-content\/uploads\/2023\/05\/IMG_20230528_152133-scaled.jpg\",\"datePublished\":\"2023-05-28T14:02:57+00:00\",\"dateModified\":\"2025-03-06T15:17:47+00:00\",\"breadcrumb\":{\"@id\":\"https:\/\/adrianoianu.com\/product\/rochie-wrap-dark-romance\/#breadcrumb\"},\"inLanguage\":\"en-US\",\"potentialAction\":[{\"@type\":\"ReadAction\",\"target\":[\"https:\/\/adrianoianu.com\/product\/rochie-wrap-dark-romance\/\"]}]},{\"@type\":\"ImageObject\",\"inLanguage\":\"en-US\",\"@id\":\"https:\/\/adrianoianu.com\/product\/rochie-wrap-dark-romance\/#primaryimage\",\"url\":\"https:\/\/adrianoianu.com\/wp-content\/uploads\/2023\/05\/IMG_20230528_152133-scaled.jpg\",\"contentUrl\":\"https:\/\/adrianoianu.com\/wp-content\/uploads\/2023\/05\/IMG_20230528_152133-scaled.jpg\",\"width\":1459,\"height\":2560},{\"@type\":\"BreadcrumbList\",\"@id\":\"https:\/\/adrianoianu.com\/product\/rochie-wrap-dark-romance\/#breadcrumb\",\"itemListElement\":[{\"@type\":\"ListItem\",\"position\":1,\"name\":\"Home\",\"item\":\"https:\/\/adrianoianu.com\/home\/\"},{\"@type\":\"ListItem\",\"position\":2,\"name\":\"Shop\",\"item\":\"https:\/\/adrianoianu.com\/shop\/\"},{\"@type\":\"ListItem\",\"position\":3,\"name\":\"Rochie wrap dark romance\"}]},{\"@type\":\"WebSite\",\"@id\":\"https:\/\/adrianoianu.com\/#website\",\"url\":\"https:\/\/adrianoianu.com\/\",\"name\":\"Adrian Oianu\",\"description\":\"Design Identitar Rom\u00e2nesc\",\"publisher\":{\"@id\":\"https:\/\/adrianoianu.com\/#organization\"},\"potentialAction\":[{\"@type\":\"SearchAction\",\"target\":{\"@type\":\"EntryPoint\",\"urlTemplate\":\"https:\/\/adrianoianu.com\/?s={search_term_string}\"},\"query-input\":{\"@type\":\"PropertyValueSpecification\",\"valueRequired\":true,\"valueName\":\"search_term_string\"}}],\"inLanguage\":\"en-US\"},{\"@type\":\"Organization\",\"@id\":\"https:\/\/adrianoianu.com\/#organization\",\"name\":\"Adrian Oianu\",\"url\":\"https:\/\/adrianoianu.com\/\",\"logo\":{\"@type\":\"ImageObject\",\"inLanguage\":\"en-US\",\"@id\":\"https:\/\/adrianoianu.com\/#\/schema\/logo\/image\/\",\"url\":\"https:\/\/adrianoianu.com\/wp-content\/uploads\/2019\/05\/Logo-oianu.jpg\",\"contentUrl\":\"https:\/\/adrianoianu.com\/wp-content\/uploads\/2019\/05\/Logo-oianu.jpg\",\"width\":100,\"height\":100,\"caption\":\"Adrian Oianu\"},\"image\":{\"@id\":\"https:\/\/adrianoianu.com\/#\/schema\/logo\/image\/\"},\"sameAs\":[\"https:\/\/www.facebook.com\/adrianoianu\/\",\"https:\/\/www.instagram.com\/adrianoianu_official\/\"]}]}<\/script>\n<!-- \/ Yoast SEO plugin. -->","yoast_head_json":{"title":"Rochie wrap dark romance - Adrian Oianu","robots":{"index":"index","follow":"follow","max-snippet":"max-snippet:-1","max-image-preview":"max-image-preview:large","max-video-preview":"max-video-preview:-1"},"canonical":"https:\/\/adrianoianu.com\/product\/rochie-wrap-dark-romance\/","og_locale":"en_US","og_type":"article","og_title":"Rochie wrap dark romance - Adrian Oianu","og_description":"Rochie petrecut\u0103, midi, din bumbac cu imprimeu floral.  Decolteu \u00een 'V' cu volane \u00een r\u0103scroi \u0219i m\u00e2nec\u0103 scurt\u0103.  \u00cenchidere cu noji\u021be de siguran\u021b\u0103 \u0219i cordon. Guler.  Compozi\u021bie: jerse de rayon .  *Recomand\u0103m exculsiv cur\u0103\u021barea chimic\u0103.","og_url":"https:\/\/adrianoianu.com\/product\/rochie-wrap-dark-romance\/","og_site_name":"Adrian Oianu","article_publisher":"https:\/\/www.facebook.com\/adrianoianu\/","article_modified_time":"2025-03-06T15:17:47+00:00","og_image":[{"width":1459,"height":2560,"url":"https:\/\/adrianoianu.com\/wp-content\/uploads\/2023\/05\/IMG_20230528_152133-scaled.jpg","type":"image\/jpeg"}],"twitter_card":"summary_large_image","schema":{"@context":"https:\/\/schema.org","@graph":[{"@type":"WebPage","@id":"https:\/\/adrianoianu.com\/product\/rochie-wrap-dark-romance\/","url":"https:\/\/adrianoianu.com\/product\/rochie-wrap-dark-romance\/","name":"Rochie wrap dark romance - Adrian Oianu","isPartOf":{"@id":"https:\/\/adrianoianu.com\/#website"},"primaryImageOfPage":{"@id":"https:\/\/adrianoianu.com\/product\/rochie-wrap-dark-romance\/#primaryimage"},"image":{"@id":"https:\/\/adrianoianu.com\/product\/rochie-wrap-dark-romance\/#primaryimage"},"thumbnailUrl":"https:\/\/adrianoianu.com\/wp-content\/uploads\/2023\/05\/IMG_20230528_152133-scaled.jpg","datePublished":"2023-05-28T14:02:57+00:00","dateModified":"2025-03-06T15:17:47+00:00","breadcrumb":{"@id":"https:\/\/adrianoianu.com\/product\/rochie-wrap-dark-romance\/#breadcrumb"},"inLanguage":"en-US","potentialAction":[{"@type":"ReadAction","target":["https:\/\/adrianoianu.com\/product\/rochie-wrap-dark-romance\/"]}]},{"@type":"ImageObject","inLanguage":"en-US","@id":"https:\/\/adrianoianu.com\/product\/rochie-wrap-dark-romance\/#primaryimage","url":"https:\/\/adrianoianu.com\/wp-content\/uploads\/2023\/05\/IMG_20230528_152133-scaled.jpg","contentUrl":"https:\/\/adrianoianu.com\/wp-content\/uploads\/2023\/05\/IMG_20230528_152133-scaled.jpg","width":1459,"height":2560},{"@type":"BreadcrumbList","@id":"https:\/\/adrianoianu.com\/product\/rochie-wrap-dark-romance\/#breadcrumb","itemListElement":[{"@type":"ListItem","position":1,"name":"Home","item":"https:\/\/adrianoianu.com\/home\/"},{"@type":"ListItem","position":2,"name":"Shop","item":"https:\/\/adrianoianu.com\/shop\/"},{"@type":"ListItem","position":3,"name":"Rochie wrap dark romance"}]},{"@type":"WebSite","@id":"https:\/\/adrianoianu.com\/#website","url":"https:\/\/adrianoianu.com\/","name":"Adrian Oianu","description":"Design Identitar Rom\u00e2nesc","publisher":{"@id":"https:\/\/adrianoianu.com\/#organization"},"potentialAction":[{"@type":"SearchAction","target":{"@type":"EntryPoint","urlTemplate":"https:\/\/adrianoianu.com\/?s={search_term_string}"},"query-input":{"@type":"PropertyValueSpecification","valueRequired":true,"valueName":"search_term_string"}}],"inLanguage":"en-US"},{"@type":"Organization","@id":"https:\/\/adrianoianu.com\/#organization","name":"Adrian Oianu","url":"https:\/\/adrianoianu.com\/","logo":{"@type":"ImageObject","inLanguage":"en-US","@id":"https:\/\/adrianoianu.com\/#\/schema\/logo\/image\/","url":"https:\/\/adrianoianu.com\/wp-content\/uploads\/2019\/05\/Logo-oianu.jpg","contentUrl":"https:\/\/adrianoianu.com\/wp-content\/uploads\/2019\/05\/Logo-oianu.jpg","width":100,"height":100,"caption":"Adrian Oianu"},"image":{"@id":"https:\/\/adrianoianu.com\/#\/schema\/logo\/image\/"},"sameAs":["https:\/\/www.facebook.com\/adrianoianu\/","https:\/\/www.instagram.com\/adrianoianu_official\/"]}]}},"_links":{"self":[{"href":"https:\/\/adrianoianu.com\/en\/wp-json\/wp\/v2\/product\/20985","targetHints":{"allow":["GET"]}}],"collection":[{"href":"https:\/\/adrianoianu.com\/en\/wp-json\/wp\/v2\/product"}],"about":[{"href":"https:\/\/adrianoianu.com\/en\/wp-json\/wp\/v2\/types\/product"}],"replies":[{"embeddable":true,"href":"https:\/\/adrianoianu.com\/en\/wp-json\/wp\/v2\/comments?post=20985"}],"wp:featuredmedia":[{"embeddable":true,"href":"https:\/\/adrianoianu.com\/en\/wp-json\/wp\/v2\/media\/20986"}],"wp:attachment":[{"href":"https:\/\/adrianoianu.com\/en\/wp-json\/wp\/v2\/media?parent=20985"}],"wp:term":[{"taxonomy":"product_brand","embeddable":true,"href":"https:\/\/adrianoianu.com\/en\/wp-json\/wp\/v2\/product_brand?post=20985"},{"taxonomy":"product_cat","embeddable":true,"href":"https:\/\/adrianoianu.com\/en\/wp-json\/wp\/v2\/product_cat?post=20985"},{"taxonomy":"product_tag","embeddable":true,"href":"https:\/\/adrianoianu.com\/en\/wp-json\/wp\/v2\/product_tag?post=20985"}],"curies":[{"name":"wp","href":"https:\/\/api.w.org\/{rel}","templated":true}]}}