{"id":21034,"date":"2023-06-05T12:06:37","date_gmt":"2023-06-05T09:06:37","guid":{"rendered":"https:\/\/adrianoianu.com\/?post_type=product&#038;p=21034"},"modified":"2025-03-06T18:16:54","modified_gmt":"2025-03-06T15:16:54","slug":"bomber-brocart-pastel","status":"publish","type":"product","link":"https:\/\/adrianoianu.com\/en\/product\/bomber-brocart-pastel\/","title":{"rendered":"Bomber brocart pastel"},"content":{"rendered":"","protected":false},"excerpt":{"rendered":"<p>Jachet\u0103 tip aviator din brocart captusit, buzunare laterale \u0219i gluga cu sireturi laterale. Inchidere cu fermoar.<br \/>\nBordur\u0103 din patent elastic la r\u0103scroiala g\u00e2tului, la man\u0219ete \u0219i in talie.<br \/>\nPrintul se distinge prin motivele florale, similare unei lucrari in acuarela.<br \/>\nPotrivita mai ales pentru pantaloni sau fuste cu talie inalta.<\/p>\n","protected":false},"featured_media":21035,"comment_status":"open","ping_status":"closed","template":"","meta":[],"product_brand":[],"product_cat":[272],"product_tag":[],"class_list":{"0":"post-21034","1":"product","2":"type-product","3":"status-publish","4":"has-post-thumbnail","6":"product_cat-sale","8":"first","9":"outofstock","10":"sale","11":"shipping-taxable","12":"purchasable","13":"product-type-simple"},"yoast_head":"<!-- This site is optimized with the Yoast SEO plugin v27.2 - https:\/\/yoast.com\/product\/yoast-seo-wordpress\/ -->\n<title>Bomber brocart pastel - Adrian Oianu<\/title>\n<meta name=\"robots\" content=\"index, follow, max-snippet:-1, max-image-preview:large, max-video-preview:-1\" \/>\n<link rel=\"canonical\" href=\"https:\/\/adrianoianu.com\/product\/bomber-brocart-pastel\/\" \/>\n<meta property=\"og:locale\" content=\"en_US\" \/>\n<meta property=\"og:type\" content=\"article\" \/>\n<meta property=\"og:title\" content=\"Bomber brocart pastel - Adrian Oianu\" \/>\n<meta property=\"og:description\" content=\"Jachet\u0103 tip aviator din brocart captusit, buzunare laterale \u0219i gluga cu sireturi laterale. Inchidere cu fermoar. Bordur\u0103 din patent elastic la r\u0103scroiala g\u00e2tului, la man\u0219ete \u0219i in talie. Printul se distinge prin motivele florale, similare unei lucrari in acuarela. Potrivita mai ales pentru pantaloni sau fuste cu talie inalta.\" \/>\n<meta property=\"og:url\" content=\"https:\/\/adrianoianu.com\/product\/bomber-brocart-pastel\/\" \/>\n<meta property=\"og:site_name\" content=\"Adrian Oianu\" \/>\n<meta property=\"article:publisher\" content=\"https:\/\/www.facebook.com\/adrianoianu\/\" \/>\n<meta property=\"article:modified_time\" content=\"2025-03-06T15:16:54+00:00\" \/>\n<meta property=\"og:image\" content=\"https:\/\/adrianoianu.com\/wp-content\/uploads\/2023\/06\/IMG_20230603_164259-scaled.jpg\" \/>\n\t<meta property=\"og:image:width\" content=\"1920\" \/>\n\t<meta property=\"og:image:height\" content=\"2560\" \/>\n\t<meta property=\"og:image:type\" content=\"image\/jpeg\" \/>\n<meta name=\"twitter:card\" content=\"summary_large_image\" \/>\n<script type=\"application\/ld+json\" class=\"yoast-schema-graph\">{\"@context\":\"https:\/\/schema.org\",\"@graph\":[{\"@type\":\"WebPage\",\"@id\":\"https:\/\/adrianoianu.com\/product\/bomber-brocart-pastel\/\",\"url\":\"https:\/\/adrianoianu.com\/product\/bomber-brocart-pastel\/\",\"name\":\"Bomber brocart pastel - Adrian Oianu\",\"isPartOf\":{\"@id\":\"https:\/\/adrianoianu.com\/#website\"},\"primaryImageOfPage\":{\"@id\":\"https:\/\/adrianoianu.com\/product\/bomber-brocart-pastel\/#primaryimage\"},\"image\":{\"@id\":\"https:\/\/adrianoianu.com\/product\/bomber-brocart-pastel\/#primaryimage\"},\"thumbnailUrl\":\"https:\/\/adrianoianu.com\/wp-content\/uploads\/2023\/06\/IMG_20230603_164259-scaled.jpg\",\"datePublished\":\"2023-06-05T09:06:37+00:00\",\"dateModified\":\"2025-03-06T15:16:54+00:00\",\"breadcrumb\":{\"@id\":\"https:\/\/adrianoianu.com\/product\/bomber-brocart-pastel\/#breadcrumb\"},\"inLanguage\":\"en-US\",\"potentialAction\":[{\"@type\":\"ReadAction\",\"target\":[\"https:\/\/adrianoianu.com\/product\/bomber-brocart-pastel\/\"]}]},{\"@type\":\"ImageObject\",\"inLanguage\":\"en-US\",\"@id\":\"https:\/\/adrianoianu.com\/product\/bomber-brocart-pastel\/#primaryimage\",\"url\":\"https:\/\/adrianoianu.com\/wp-content\/uploads\/2023\/06\/IMG_20230603_164259-scaled.jpg\",\"contentUrl\":\"https:\/\/adrianoianu.com\/wp-content\/uploads\/2023\/06\/IMG_20230603_164259-scaled.jpg\",\"width\":1920,\"height\":2560},{\"@type\":\"BreadcrumbList\",\"@id\":\"https:\/\/adrianoianu.com\/product\/bomber-brocart-pastel\/#breadcrumb\",\"itemListElement\":[{\"@type\":\"ListItem\",\"position\":1,\"name\":\"Home\",\"item\":\"https:\/\/adrianoianu.com\/home\/\"},{\"@type\":\"ListItem\",\"position\":2,\"name\":\"Shop\",\"item\":\"https:\/\/adrianoianu.com\/shop\/\"},{\"@type\":\"ListItem\",\"position\":3,\"name\":\"Bomber brocart pastel\"}]},{\"@type\":\"WebSite\",\"@id\":\"https:\/\/adrianoianu.com\/#website\",\"url\":\"https:\/\/adrianoianu.com\/\",\"name\":\"Adrian Oianu\",\"description\":\"Design Identitar Rom\u00e2nesc\",\"publisher\":{\"@id\":\"https:\/\/adrianoianu.com\/#organization\"},\"potentialAction\":[{\"@type\":\"SearchAction\",\"target\":{\"@type\":\"EntryPoint\",\"urlTemplate\":\"https:\/\/adrianoianu.com\/?s={search_term_string}\"},\"query-input\":{\"@type\":\"PropertyValueSpecification\",\"valueRequired\":true,\"valueName\":\"search_term_string\"}}],\"inLanguage\":\"en-US\"},{\"@type\":\"Organization\",\"@id\":\"https:\/\/adrianoianu.com\/#organization\",\"name\":\"Adrian Oianu\",\"url\":\"https:\/\/adrianoianu.com\/\",\"logo\":{\"@type\":\"ImageObject\",\"inLanguage\":\"en-US\",\"@id\":\"https:\/\/adrianoianu.com\/#\/schema\/logo\/image\/\",\"url\":\"https:\/\/adrianoianu.com\/wp-content\/uploads\/2019\/05\/Logo-oianu.jpg\",\"contentUrl\":\"https:\/\/adrianoianu.com\/wp-content\/uploads\/2019\/05\/Logo-oianu.jpg\",\"width\":100,\"height\":100,\"caption\":\"Adrian Oianu\"},\"image\":{\"@id\":\"https:\/\/adrianoianu.com\/#\/schema\/logo\/image\/\"},\"sameAs\":[\"https:\/\/www.facebook.com\/adrianoianu\/\",\"https:\/\/www.instagram.com\/adrianoianu_official\/\"]}]}<\/script>\n<!-- \/ Yoast SEO plugin. -->","yoast_head_json":{"title":"Bomber brocart pastel - Adrian Oianu","robots":{"index":"index","follow":"follow","max-snippet":"max-snippet:-1","max-image-preview":"max-image-preview:large","max-video-preview":"max-video-preview:-1"},"canonical":"https:\/\/adrianoianu.com\/product\/bomber-brocart-pastel\/","og_locale":"en_US","og_type":"article","og_title":"Bomber brocart pastel - Adrian Oianu","og_description":"Jachet\u0103 tip aviator din brocart captusit, buzunare laterale \u0219i gluga cu sireturi laterale. Inchidere cu fermoar. Bordur\u0103 din patent elastic la r\u0103scroiala g\u00e2tului, la man\u0219ete \u0219i in talie. Printul se distinge prin motivele florale, similare unei lucrari in acuarela. Potrivita mai ales pentru pantaloni sau fuste cu talie inalta.","og_url":"https:\/\/adrianoianu.com\/product\/bomber-brocart-pastel\/","og_site_name":"Adrian Oianu","article_publisher":"https:\/\/www.facebook.com\/adrianoianu\/","article_modified_time":"2025-03-06T15:16:54+00:00","og_image":[{"width":1920,"height":2560,"url":"https:\/\/adrianoianu.com\/wp-content\/uploads\/2023\/06\/IMG_20230603_164259-scaled.jpg","type":"image\/jpeg"}],"twitter_card":"summary_large_image","schema":{"@context":"https:\/\/schema.org","@graph":[{"@type":"WebPage","@id":"https:\/\/adrianoianu.com\/product\/bomber-brocart-pastel\/","url":"https:\/\/adrianoianu.com\/product\/bomber-brocart-pastel\/","name":"Bomber brocart pastel - Adrian Oianu","isPartOf":{"@id":"https:\/\/adrianoianu.com\/#website"},"primaryImageOfPage":{"@id":"https:\/\/adrianoianu.com\/product\/bomber-brocart-pastel\/#primaryimage"},"image":{"@id":"https:\/\/adrianoianu.com\/product\/bomber-brocart-pastel\/#primaryimage"},"thumbnailUrl":"https:\/\/adrianoianu.com\/wp-content\/uploads\/2023\/06\/IMG_20230603_164259-scaled.jpg","datePublished":"2023-06-05T09:06:37+00:00","dateModified":"2025-03-06T15:16:54+00:00","breadcrumb":{"@id":"https:\/\/adrianoianu.com\/product\/bomber-brocart-pastel\/#breadcrumb"},"inLanguage":"en-US","potentialAction":[{"@type":"ReadAction","target":["https:\/\/adrianoianu.com\/product\/bomber-brocart-pastel\/"]}]},{"@type":"ImageObject","inLanguage":"en-US","@id":"https:\/\/adrianoianu.com\/product\/bomber-brocart-pastel\/#primaryimage","url":"https:\/\/adrianoianu.com\/wp-content\/uploads\/2023\/06\/IMG_20230603_164259-scaled.jpg","contentUrl":"https:\/\/adrianoianu.com\/wp-content\/uploads\/2023\/06\/IMG_20230603_164259-scaled.jpg","width":1920,"height":2560},{"@type":"BreadcrumbList","@id":"https:\/\/adrianoianu.com\/product\/bomber-brocart-pastel\/#breadcrumb","itemListElement":[{"@type":"ListItem","position":1,"name":"Home","item":"https:\/\/adrianoianu.com\/home\/"},{"@type":"ListItem","position":2,"name":"Shop","item":"https:\/\/adrianoianu.com\/shop\/"},{"@type":"ListItem","position":3,"name":"Bomber brocart pastel"}]},{"@type":"WebSite","@id":"https:\/\/adrianoianu.com\/#website","url":"https:\/\/adrianoianu.com\/","name":"Adrian Oianu","description":"Design Identitar Rom\u00e2nesc","publisher":{"@id":"https:\/\/adrianoianu.com\/#organization"},"potentialAction":[{"@type":"SearchAction","target":{"@type":"EntryPoint","urlTemplate":"https:\/\/adrianoianu.com\/?s={search_term_string}"},"query-input":{"@type":"PropertyValueSpecification","valueRequired":true,"valueName":"search_term_string"}}],"inLanguage":"en-US"},{"@type":"Organization","@id":"https:\/\/adrianoianu.com\/#organization","name":"Adrian Oianu","url":"https:\/\/adrianoianu.com\/","logo":{"@type":"ImageObject","inLanguage":"en-US","@id":"https:\/\/adrianoianu.com\/#\/schema\/logo\/image\/","url":"https:\/\/adrianoianu.com\/wp-content\/uploads\/2019\/05\/Logo-oianu.jpg","contentUrl":"https:\/\/adrianoianu.com\/wp-content\/uploads\/2019\/05\/Logo-oianu.jpg","width":100,"height":100,"caption":"Adrian Oianu"},"image":{"@id":"https:\/\/adrianoianu.com\/#\/schema\/logo\/image\/"},"sameAs":["https:\/\/www.facebook.com\/adrianoianu\/","https:\/\/www.instagram.com\/adrianoianu_official\/"]}]}},"_links":{"self":[{"href":"https:\/\/adrianoianu.com\/en\/wp-json\/wp\/v2\/product\/21034","targetHints":{"allow":["GET"]}}],"collection":[{"href":"https:\/\/adrianoianu.com\/en\/wp-json\/wp\/v2\/product"}],"about":[{"href":"https:\/\/adrianoianu.com\/en\/wp-json\/wp\/v2\/types\/product"}],"replies":[{"embeddable":true,"href":"https:\/\/adrianoianu.com\/en\/wp-json\/wp\/v2\/comments?post=21034"}],"wp:featuredmedia":[{"embeddable":true,"href":"https:\/\/adrianoianu.com\/en\/wp-json\/wp\/v2\/media\/21035"}],"wp:attachment":[{"href":"https:\/\/adrianoianu.com\/en\/wp-json\/wp\/v2\/media?parent=21034"}],"wp:term":[{"taxonomy":"product_brand","embeddable":true,"href":"https:\/\/adrianoianu.com\/en\/wp-json\/wp\/v2\/product_brand?post=21034"},{"taxonomy":"product_cat","embeddable":true,"href":"https:\/\/adrianoianu.com\/en\/wp-json\/wp\/v2\/product_cat?post=21034"},{"taxonomy":"product_tag","embeddable":true,"href":"https:\/\/adrianoianu.com\/en\/wp-json\/wp\/v2\/product_tag?post=21034"}],"curies":[{"name":"wp","href":"https:\/\/api.w.org\/{rel}","templated":true}]}}