{"id":21520,"date":"2025-05-07T14:23:20","date_gmt":"2025-05-07T11:23:20","guid":{"rendered":"https:\/\/adrianoianu.com\/?post_type=product&#038;p=21520"},"modified":"2025-05-16T14:41:43","modified_gmt":"2025-05-16T11:41:43","slug":"mantoul-reginei-rosu-fronse","status":"publish","type":"product","link":"https:\/\/adrianoianu.com\/en\/product\/mantoul-reginei-rosu-fronse\/","title":{"rendered":"Mantoul Reginei rosu fronse"},"content":{"rendered":"","protected":false},"excerpt":{"rendered":"<p>Mantou inspirat din ve\u0219mintele purtate de Regina Maria. Realizat din blend de lana merino, cu buzunare laterale \u0219i aplica\u021bie model tradi\u021bional. \u00cenchidere prin &#8220;mos si bab<span class=\"word modified\" data-words=\"exterioar\u0103,exterioara\">\u0103<\/span>&#8220;, cordon \u00een talie.<\/p>\n<p>Aplica\u021biile de pe <span class=\"word\" data-words=\"m\u00e2neci,maneci\">m\u00e2neci<\/span> <span class=\"word\" data-words=\"\u0219i,si\">\u0219i bust<\/span>\u00a0<span class=\"word\" data-words=\"sunt,\u0219unt\">sunt<\/span> <span class=\"word\" data-words=\"parte,p\u00e2rte\">parte<\/span> dintr-o <span class=\"word\" data-words=\"c\u0103ma\u0219\u0103,c\u0103ma\u0219a,camasa\">c\u0103ma\u0219\u0103<\/span> <span class=\"word\" data-words=\"rom\u00e2neasc\u0103,rom\u00e2neasca,romaneasca\">rom\u00e2neasc\u0103<\/span> <span class=\"word modified\" data-words=\"autentic\u0103,autentica\">autentic\u0103<\/span> veche, <span class=\"word modified\" data-words=\"inclus\u0103,inclusa\">inclus\u0103<\/span> <span class=\"word\" data-words=\"\u00eentr,intr\">\u00eentr<\/span>-un proces de upciclying si pot fi diferite de cele din imaginea de prezentare; garantam insa faptul ca vor fi la fel de frumoase. <span class=\"word\" data-words=\"M\u00e2nec\u0103,M\u00e2neca,Maneca\">M\u00e2nec\u0103<\/span> este extra-<span class=\"word modified\" data-words=\"lung\u0103,lunga\">lung\u0103<\/span> <span class=\"word\" data-words=\"\u0219i,si\">\u0219i<\/span> poate fi <span class=\"word modified\" data-words=\"purtat\u0103,purtata\">purtat\u0103<\/span> <span class=\"word\" data-words=\"\u0219i,si\">\u0219i<\/span> <span class=\"word modified\" data-words=\"suflecat\u0103,suflecata\">suflecat\u0103<\/span>, rotunjindu-se <span class=\"word\" data-words=\"\u00een,in\">\u00een<\/span> <span class=\"word\" data-words=\"partea,p\u00e2rtea\">partea<\/span> <span class=\"word modified\" data-words=\"exterioar\u0103,exterioara\">exterioar\u0103<\/span>.<\/p>\n<p>Potrivit pentru marimea S-M.<\/p>\n","protected":false},"featured_media":21521,"comment_status":"open","ping_status":"closed","template":"","meta":[],"product_brand":[],"product_cat":[51],"product_tag":[80,78,81,79],"class_list":{"0":"post-21520","1":"product","2":"type-product","3":"status-publish","4":"has-post-thumbnail","6":"product_cat-mantouri","7":"product_tag-broderie","8":"product_tag-mantou","9":"product_tag-militar","10":"product_tag-regina-maria","12":"first","13":"outofstock","14":"sale","15":"shipping-taxable","16":"purchasable","17":"product-type-simple"},"yoast_head":"<!-- This site is optimized with the Yoast SEO plugin v27.2 - https:\/\/yoast.com\/product\/yoast-seo-wordpress\/ -->\n<title>Mantoul Reginei rosu fronse - Adrian Oianu<\/title>\n<meta name=\"robots\" content=\"index, follow, max-snippet:-1, max-image-preview:large, max-video-preview:-1\" \/>\n<link rel=\"canonical\" href=\"https:\/\/adrianoianu.com\/product\/mantoul-reginei-rosu-fronse\/\" \/>\n<meta property=\"og:locale\" content=\"en_US\" \/>\n<meta property=\"og:type\" content=\"article\" \/>\n<meta property=\"og:title\" content=\"Mantoul Reginei rosu fronse - Adrian Oianu\" \/>\n<meta property=\"og:description\" content=\"Mantou inspirat din ve\u0219mintele purtate de Regina Maria. Realizat din blend de lana merino, cu buzunare laterale \u0219i aplica\u021bie model tradi\u021bional. \u00cenchidere prin &quot;mos si bab\u0103&quot;, cordon \u00een talie.  Aplica\u021biile de pe m\u00e2neci \u0219i bust\u00a0sunt parte dintr-o c\u0103ma\u0219\u0103 rom\u00e2neasc\u0103 autentic\u0103 veche, inclus\u0103 \u00eentr-un proces de upciclying si pot fi diferite de cele din imaginea de prezentare; garantam insa faptul ca vor fi la fel de frumoase. M\u00e2nec\u0103 este extra-lung\u0103 \u0219i poate fi purtat\u0103 \u0219i suflecat\u0103, rotunjindu-se \u00een partea exterioar\u0103.  Potrivit pentru marimea S-M.\" \/>\n<meta property=\"og:url\" content=\"https:\/\/adrianoianu.com\/product\/mantoul-reginei-rosu-fronse\/\" \/>\n<meta property=\"og:site_name\" content=\"Adrian Oianu\" \/>\n<meta property=\"article:publisher\" content=\"https:\/\/www.facebook.com\/adrianoianu\/\" \/>\n<meta property=\"article:modified_time\" content=\"2025-05-16T11:41:43+00:00\" \/>\n<meta property=\"og:image\" content=\"https:\/\/adrianoianu.com\/wp-content\/uploads\/2025\/05\/a4d0e883-f51f-4207-af1a-f3b41e16c277.jpeg\" \/>\n\t<meta property=\"og:image:width\" content=\"1200\" \/>\n\t<meta property=\"og:image:height\" content=\"1500\" \/>\n\t<meta property=\"og:image:type\" content=\"image\/jpeg\" \/>\n<meta name=\"twitter:card\" content=\"summary_large_image\" \/>\n<script type=\"application\/ld+json\" class=\"yoast-schema-graph\">{\"@context\":\"https:\/\/schema.org\",\"@graph\":[{\"@type\":\"WebPage\",\"@id\":\"https:\/\/adrianoianu.com\/product\/mantoul-reginei-rosu-fronse\/\",\"url\":\"https:\/\/adrianoianu.com\/product\/mantoul-reginei-rosu-fronse\/\",\"name\":\"Mantoul Reginei rosu fronse - Adrian Oianu\",\"isPartOf\":{\"@id\":\"https:\/\/adrianoianu.com\/#website\"},\"primaryImageOfPage\":{\"@id\":\"https:\/\/adrianoianu.com\/product\/mantoul-reginei-rosu-fronse\/#primaryimage\"},\"image\":{\"@id\":\"https:\/\/adrianoianu.com\/product\/mantoul-reginei-rosu-fronse\/#primaryimage\"},\"thumbnailUrl\":\"https:\/\/adrianoianu.com\/wp-content\/uploads\/2025\/05\/a4d0e883-f51f-4207-af1a-f3b41e16c277.jpeg\",\"datePublished\":\"2025-05-07T11:23:20+00:00\",\"dateModified\":\"2025-05-16T11:41:43+00:00\",\"breadcrumb\":{\"@id\":\"https:\/\/adrianoianu.com\/product\/mantoul-reginei-rosu-fronse\/#breadcrumb\"},\"inLanguage\":\"en-US\",\"potentialAction\":[{\"@type\":\"ReadAction\",\"target\":[\"https:\/\/adrianoianu.com\/product\/mantoul-reginei-rosu-fronse\/\"]}]},{\"@type\":\"ImageObject\",\"inLanguage\":\"en-US\",\"@id\":\"https:\/\/adrianoianu.com\/product\/mantoul-reginei-rosu-fronse\/#primaryimage\",\"url\":\"https:\/\/adrianoianu.com\/wp-content\/uploads\/2025\/05\/a4d0e883-f51f-4207-af1a-f3b41e16c277.jpeg\",\"contentUrl\":\"https:\/\/adrianoianu.com\/wp-content\/uploads\/2025\/05\/a4d0e883-f51f-4207-af1a-f3b41e16c277.jpeg\",\"width\":1200,\"height\":1500},{\"@type\":\"BreadcrumbList\",\"@id\":\"https:\/\/adrianoianu.com\/product\/mantoul-reginei-rosu-fronse\/#breadcrumb\",\"itemListElement\":[{\"@type\":\"ListItem\",\"position\":1,\"name\":\"Home\",\"item\":\"https:\/\/adrianoianu.com\/home\/\"},{\"@type\":\"ListItem\",\"position\":2,\"name\":\"Shop\",\"item\":\"https:\/\/adrianoianu.com\/shop\/\"},{\"@type\":\"ListItem\",\"position\":3,\"name\":\"Mantoul Reginei rosu fronse\"}]},{\"@type\":\"WebSite\",\"@id\":\"https:\/\/adrianoianu.com\/#website\",\"url\":\"https:\/\/adrianoianu.com\/\",\"name\":\"Adrian Oianu\",\"description\":\"Design Identitar Rom\u00e2nesc\",\"publisher\":{\"@id\":\"https:\/\/adrianoianu.com\/#organization\"},\"potentialAction\":[{\"@type\":\"SearchAction\",\"target\":{\"@type\":\"EntryPoint\",\"urlTemplate\":\"https:\/\/adrianoianu.com\/?s={search_term_string}\"},\"query-input\":{\"@type\":\"PropertyValueSpecification\",\"valueRequired\":true,\"valueName\":\"search_term_string\"}}],\"inLanguage\":\"en-US\"},{\"@type\":\"Organization\",\"@id\":\"https:\/\/adrianoianu.com\/#organization\",\"name\":\"Adrian Oianu\",\"url\":\"https:\/\/adrianoianu.com\/\",\"logo\":{\"@type\":\"ImageObject\",\"inLanguage\":\"en-US\",\"@id\":\"https:\/\/adrianoianu.com\/#\/schema\/logo\/image\/\",\"url\":\"https:\/\/adrianoianu.com\/wp-content\/uploads\/2019\/05\/Logo-oianu.jpg\",\"contentUrl\":\"https:\/\/adrianoianu.com\/wp-content\/uploads\/2019\/05\/Logo-oianu.jpg\",\"width\":100,\"height\":100,\"caption\":\"Adrian Oianu\"},\"image\":{\"@id\":\"https:\/\/adrianoianu.com\/#\/schema\/logo\/image\/\"},\"sameAs\":[\"https:\/\/www.facebook.com\/adrianoianu\/\",\"https:\/\/www.instagram.com\/adrianoianu_official\/\"]}]}<\/script>\n<!-- \/ Yoast SEO plugin. -->","yoast_head_json":{"title":"Mantoul Reginei rosu fronse - Adrian Oianu","robots":{"index":"index","follow":"follow","max-snippet":"max-snippet:-1","max-image-preview":"max-image-preview:large","max-video-preview":"max-video-preview:-1"},"canonical":"https:\/\/adrianoianu.com\/product\/mantoul-reginei-rosu-fronse\/","og_locale":"en_US","og_type":"article","og_title":"Mantoul Reginei rosu fronse - Adrian Oianu","og_description":"Mantou inspirat din ve\u0219mintele purtate de Regina Maria. Realizat din blend de lana merino, cu buzunare laterale \u0219i aplica\u021bie model tradi\u021bional. \u00cenchidere prin \"mos si bab\u0103\", cordon \u00een talie.  Aplica\u021biile de pe m\u00e2neci \u0219i bust\u00a0sunt parte dintr-o c\u0103ma\u0219\u0103 rom\u00e2neasc\u0103 autentic\u0103 veche, inclus\u0103 \u00eentr-un proces de upciclying si pot fi diferite de cele din imaginea de prezentare; garantam insa faptul ca vor fi la fel de frumoase. M\u00e2nec\u0103 este extra-lung\u0103 \u0219i poate fi purtat\u0103 \u0219i suflecat\u0103, rotunjindu-se \u00een partea exterioar\u0103.  Potrivit pentru marimea S-M.","og_url":"https:\/\/adrianoianu.com\/product\/mantoul-reginei-rosu-fronse\/","og_site_name":"Adrian Oianu","article_publisher":"https:\/\/www.facebook.com\/adrianoianu\/","article_modified_time":"2025-05-16T11:41:43+00:00","og_image":[{"width":1200,"height":1500,"url":"https:\/\/adrianoianu.com\/wp-content\/uploads\/2025\/05\/a4d0e883-f51f-4207-af1a-f3b41e16c277.jpeg","type":"image\/jpeg"}],"twitter_card":"summary_large_image","schema":{"@context":"https:\/\/schema.org","@graph":[{"@type":"WebPage","@id":"https:\/\/adrianoianu.com\/product\/mantoul-reginei-rosu-fronse\/","url":"https:\/\/adrianoianu.com\/product\/mantoul-reginei-rosu-fronse\/","name":"Mantoul Reginei rosu fronse - Adrian Oianu","isPartOf":{"@id":"https:\/\/adrianoianu.com\/#website"},"primaryImageOfPage":{"@id":"https:\/\/adrianoianu.com\/product\/mantoul-reginei-rosu-fronse\/#primaryimage"},"image":{"@id":"https:\/\/adrianoianu.com\/product\/mantoul-reginei-rosu-fronse\/#primaryimage"},"thumbnailUrl":"https:\/\/adrianoianu.com\/wp-content\/uploads\/2025\/05\/a4d0e883-f51f-4207-af1a-f3b41e16c277.jpeg","datePublished":"2025-05-07T11:23:20+00:00","dateModified":"2025-05-16T11:41:43+00:00","breadcrumb":{"@id":"https:\/\/adrianoianu.com\/product\/mantoul-reginei-rosu-fronse\/#breadcrumb"},"inLanguage":"en-US","potentialAction":[{"@type":"ReadAction","target":["https:\/\/adrianoianu.com\/product\/mantoul-reginei-rosu-fronse\/"]}]},{"@type":"ImageObject","inLanguage":"en-US","@id":"https:\/\/adrianoianu.com\/product\/mantoul-reginei-rosu-fronse\/#primaryimage","url":"https:\/\/adrianoianu.com\/wp-content\/uploads\/2025\/05\/a4d0e883-f51f-4207-af1a-f3b41e16c277.jpeg","contentUrl":"https:\/\/adrianoianu.com\/wp-content\/uploads\/2025\/05\/a4d0e883-f51f-4207-af1a-f3b41e16c277.jpeg","width":1200,"height":1500},{"@type":"BreadcrumbList","@id":"https:\/\/adrianoianu.com\/product\/mantoul-reginei-rosu-fronse\/#breadcrumb","itemListElement":[{"@type":"ListItem","position":1,"name":"Home","item":"https:\/\/adrianoianu.com\/home\/"},{"@type":"ListItem","position":2,"name":"Shop","item":"https:\/\/adrianoianu.com\/shop\/"},{"@type":"ListItem","position":3,"name":"Mantoul Reginei rosu fronse"}]},{"@type":"WebSite","@id":"https:\/\/adrianoianu.com\/#website","url":"https:\/\/adrianoianu.com\/","name":"Adrian Oianu","description":"Design Identitar Rom\u00e2nesc","publisher":{"@id":"https:\/\/adrianoianu.com\/#organization"},"potentialAction":[{"@type":"SearchAction","target":{"@type":"EntryPoint","urlTemplate":"https:\/\/adrianoianu.com\/?s={search_term_string}"},"query-input":{"@type":"PropertyValueSpecification","valueRequired":true,"valueName":"search_term_string"}}],"inLanguage":"en-US"},{"@type":"Organization","@id":"https:\/\/adrianoianu.com\/#organization","name":"Adrian Oianu","url":"https:\/\/adrianoianu.com\/","logo":{"@type":"ImageObject","inLanguage":"en-US","@id":"https:\/\/adrianoianu.com\/#\/schema\/logo\/image\/","url":"https:\/\/adrianoianu.com\/wp-content\/uploads\/2019\/05\/Logo-oianu.jpg","contentUrl":"https:\/\/adrianoianu.com\/wp-content\/uploads\/2019\/05\/Logo-oianu.jpg","width":100,"height":100,"caption":"Adrian Oianu"},"image":{"@id":"https:\/\/adrianoianu.com\/#\/schema\/logo\/image\/"},"sameAs":["https:\/\/www.facebook.com\/adrianoianu\/","https:\/\/www.instagram.com\/adrianoianu_official\/"]}]}},"_links":{"self":[{"href":"https:\/\/adrianoianu.com\/en\/wp-json\/wp\/v2\/product\/21520","targetHints":{"allow":["GET"]}}],"collection":[{"href":"https:\/\/adrianoianu.com\/en\/wp-json\/wp\/v2\/product"}],"about":[{"href":"https:\/\/adrianoianu.com\/en\/wp-json\/wp\/v2\/types\/product"}],"replies":[{"embeddable":true,"href":"https:\/\/adrianoianu.com\/en\/wp-json\/wp\/v2\/comments?post=21520"}],"wp:featuredmedia":[{"embeddable":true,"href":"https:\/\/adrianoianu.com\/en\/wp-json\/wp\/v2\/media\/21521"}],"wp:attachment":[{"href":"https:\/\/adrianoianu.com\/en\/wp-json\/wp\/v2\/media?parent=21520"}],"wp:term":[{"taxonomy":"product_brand","embeddable":true,"href":"https:\/\/adrianoianu.com\/en\/wp-json\/wp\/v2\/product_brand?post=21520"},{"taxonomy":"product_cat","embeddable":true,"href":"https:\/\/adrianoianu.com\/en\/wp-json\/wp\/v2\/product_cat?post=21520"},{"taxonomy":"product_tag","embeddable":true,"href":"https:\/\/adrianoianu.com\/en\/wp-json\/wp\/v2\/product_tag?post=21520"}],"curies":[{"name":"wp","href":"https:\/\/api.w.org\/{rel}","templated":true}]}}