{"id":21678,"date":"2025-12-03T01:39:51","date_gmt":"2025-12-02T22:39:51","guid":{"rendered":"https:\/\/adrianoianu.com\/?post_type=product&#038;p=21678"},"modified":"2025-12-04T17:29:21","modified_gmt":"2025-12-04T14:29:21","slug":"ia-tricou-plum","status":"publish","type":"product","link":"https:\/\/adrianoianu.com\/en\/product\/ia-tricou-plum\/","title":{"rendered":"Ia Tricou Plum"},"content":{"rendered":"<p>&nbsp;<\/p>\n<p>Ajuns <span class=\"word\" data-words=\"\u00een,in\">\u00een<\/span> <span class=\"word\" data-words=\"era,er\u0103\">era<\/span> 2.0, T-shirt-ul Ie este imprimat digital (print DTF) cu cate trei unitati pe <span class=\"word\" data-words=\"fata,fat\u0103,fa\u021ba,fa\u021b\u0103,f\u0103ta,f\u0103t\u0103,f\u0103\u021ba,f\u0103\u021b\u0103,f\u00e2\u021ba,f\u00e2\u021b\u0103\">fata<\/span> <span class=\"word\" data-words=\"\u0219i,si\">\u0219i<\/span> alte trei pe verso, rezultat <span class=\"word\" data-words=\"\u00een,in\">\u00een<\/span> <span class=\"word\" data-words=\"urma,urm\u0103\">urma<\/span> fotografierii unui fragment de <span class=\"word\" data-words=\"c\u0103ma\u0219\u0103,c\u0103ma\u0219a,camasa\">c\u0103ma\u0219\u0103<\/span> <span class=\"word\" data-words=\"rom\u00e2neasc\u0103,rom\u00e2neasca,romaneasca\">rom\u00e2neasc\u0103<\/span> veche, macro.<\/p>\n<p>De culoare neagra, cu print aplicat manual, tricoul are in jurul taliei doua snururi, care pot fi legate in fata sau in spate pentru o talie marcata. Pe conturul logo-ului, am brodat, cu acelasi rosu, pentru\u00a0 a sublinia importanta mestesugului in brandul nostru.<\/p>\n<p>Identitatea este centrul \u00een jurul c\u0103ruia graviteaz\u0103 conceptul colec\u021biei.<\/p>\n<p>Cu un fitting u\u0219or oversized, este foarte ofertant \u00een <span class=\"word\" data-words=\"palet\u0103,paleta\">paleta<\/span> <span class=\"word modified\" data-words=\"stilistic\u0103,stilistica\">stilistic\u0103<\/span>, \u021binutele casual smart compunandu-se u\u0219or \u00een jurul <span class=\"word modified\" data-words=\"sau,s\u0103u,\u0219au\">s\u0103u<\/span>, conferindu-le un aer statement.<\/p>\n<p>Va rugam sa specificati in detaliile comenzii marimea dorita.<\/p>\n<p>Dimensiunile corespunzatoare fiecarei marimi sunt dupa cum urmeaza:<\/p>\n<p>-M:bust (pe jumatate)-67 cm, lungime totala-75 cm, lungime maneca 24.5.<\/p>\n<p>-L:bust (pe jumatate)-70 cm, lungime totala-77cm, lungime maneca 25.<\/p>\n<p>-XL:bust (pe jumatate)-73 cm, lungime totala-79 cm, lungime maneca 25.5.<\/p>\n<p><span class=\"word\" data-words=\"Compozi\u021bie,Compozitie\">Compozi\u021bie<\/span>:bumbac organic.<\/p>\n","protected":false},"excerpt":{"rendered":"<p>&nbsp; Ajuns \u00een era 2.0, T-shirt-ul Ie este imprimat digital (print DTF) cu cate trei unitati pe fata \u0219i alte trei pe verso, rezultat \u00een&#8230;<\/p>\n","protected":false},"featured_media":21679,"comment_status":"open","ping_status":"closed","template":"","meta":[],"product_brand":[],"product_cat":[273],"product_tag":[],"class_list":{"0":"post-21678","1":"product","2":"type-product","3":"status-publish","4":"has-post-thumbnail","6":"product_cat-adrian-oianu-noul-tricou-romanesc","8":"first","9":"instock","10":"shipping-taxable","11":"purchasable","12":"product-type-simple"},"yoast_head":"<!-- This site is optimized with the Yoast SEO plugin v27.2 - https:\/\/yoast.com\/product\/yoast-seo-wordpress\/ -->\n<title>Ia Tricou Plum - Adrian Oianu<\/title>\n<meta name=\"robots\" content=\"index, follow, max-snippet:-1, max-image-preview:large, max-video-preview:-1\" \/>\n<link rel=\"canonical\" href=\"https:\/\/adrianoianu.com\/product\/ia-tricou-plum\/\" \/>\n<meta property=\"og:locale\" content=\"en_US\" \/>\n<meta property=\"og:type\" content=\"article\" \/>\n<meta property=\"og:title\" content=\"Ia Tricou Plum - Adrian Oianu\" \/>\n<meta property=\"og:description\" content=\"&nbsp; Ajuns \u00een era 2.0, T-shirt-ul Ie este imprimat digital (print DTF) cu cate trei unitati pe fata \u0219i alte trei pe verso, rezultat \u00een...\" \/>\n<meta property=\"og:url\" content=\"https:\/\/adrianoianu.com\/product\/ia-tricou-plum\/\" \/>\n<meta property=\"og:site_name\" content=\"Adrian Oianu\" \/>\n<meta property=\"article:publisher\" content=\"https:\/\/www.facebook.com\/adrianoianu\/\" \/>\n<meta property=\"article:modified_time\" content=\"2025-12-04T14:29:21+00:00\" \/>\n<meta property=\"og:image\" content=\"https:\/\/adrianoianu.com\/wp-content\/uploads\/2025\/12\/DSC6573-scaled.jpg\" \/>\n\t<meta property=\"og:image:width\" content=\"1794\" \/>\n\t<meta property=\"og:image:height\" content=\"2560\" \/>\n\t<meta property=\"og:image:type\" content=\"image\/jpeg\" \/>\n<meta name=\"twitter:card\" content=\"summary_large_image\" \/>\n<meta name=\"twitter:label1\" content=\"Est. reading time\" \/>\n\t<meta name=\"twitter:data1\" content=\"1 minute\" \/>\n<script type=\"application\/ld+json\" class=\"yoast-schema-graph\">{\"@context\":\"https:\/\/schema.org\",\"@graph\":[{\"@type\":\"WebPage\",\"@id\":\"https:\/\/adrianoianu.com\/product\/ia-tricou-plum\/\",\"url\":\"https:\/\/adrianoianu.com\/product\/ia-tricou-plum\/\",\"name\":\"Ia Tricou Plum - Adrian Oianu\",\"isPartOf\":{\"@id\":\"https:\/\/adrianoianu.com\/#website\"},\"primaryImageOfPage\":{\"@id\":\"https:\/\/adrianoianu.com\/product\/ia-tricou-plum\/#primaryimage\"},\"image\":{\"@id\":\"https:\/\/adrianoianu.com\/product\/ia-tricou-plum\/#primaryimage\"},\"thumbnailUrl\":\"https:\/\/adrianoianu.com\/wp-content\/uploads\/2025\/12\/DSC6573-scaled.jpg\",\"datePublished\":\"2025-12-02T22:39:51+00:00\",\"dateModified\":\"2025-12-04T14:29:21+00:00\",\"breadcrumb\":{\"@id\":\"https:\/\/adrianoianu.com\/product\/ia-tricou-plum\/#breadcrumb\"},\"inLanguage\":\"en-US\",\"potentialAction\":[{\"@type\":\"ReadAction\",\"target\":[\"https:\/\/adrianoianu.com\/product\/ia-tricou-plum\/\"]}]},{\"@type\":\"ImageObject\",\"inLanguage\":\"en-US\",\"@id\":\"https:\/\/adrianoianu.com\/product\/ia-tricou-plum\/#primaryimage\",\"url\":\"https:\/\/adrianoianu.com\/wp-content\/uploads\/2025\/12\/DSC6573-scaled.jpg\",\"contentUrl\":\"https:\/\/adrianoianu.com\/wp-content\/uploads\/2025\/12\/DSC6573-scaled.jpg\",\"width\":1794,\"height\":2560},{\"@type\":\"BreadcrumbList\",\"@id\":\"https:\/\/adrianoianu.com\/product\/ia-tricou-plum\/#breadcrumb\",\"itemListElement\":[{\"@type\":\"ListItem\",\"position\":1,\"name\":\"Home\",\"item\":\"https:\/\/adrianoianu.com\/home\/\"},{\"@type\":\"ListItem\",\"position\":2,\"name\":\"Shop\",\"item\":\"https:\/\/adrianoianu.com\/shop\/\"},{\"@type\":\"ListItem\",\"position\":3,\"name\":\"Ia Tricou Plum\"}]},{\"@type\":\"WebSite\",\"@id\":\"https:\/\/adrianoianu.com\/#website\",\"url\":\"https:\/\/adrianoianu.com\/\",\"name\":\"Adrian Oianu\",\"description\":\"Design Identitar Rom\u00e2nesc\",\"publisher\":{\"@id\":\"https:\/\/adrianoianu.com\/#organization\"},\"potentialAction\":[{\"@type\":\"SearchAction\",\"target\":{\"@type\":\"EntryPoint\",\"urlTemplate\":\"https:\/\/adrianoianu.com\/?s={search_term_string}\"},\"query-input\":{\"@type\":\"PropertyValueSpecification\",\"valueRequired\":true,\"valueName\":\"search_term_string\"}}],\"inLanguage\":\"en-US\"},{\"@type\":\"Organization\",\"@id\":\"https:\/\/adrianoianu.com\/#organization\",\"name\":\"Adrian Oianu\",\"url\":\"https:\/\/adrianoianu.com\/\",\"logo\":{\"@type\":\"ImageObject\",\"inLanguage\":\"en-US\",\"@id\":\"https:\/\/adrianoianu.com\/#\/schema\/logo\/image\/\",\"url\":\"https:\/\/adrianoianu.com\/wp-content\/uploads\/2019\/05\/Logo-oianu.jpg\",\"contentUrl\":\"https:\/\/adrianoianu.com\/wp-content\/uploads\/2019\/05\/Logo-oianu.jpg\",\"width\":100,\"height\":100,\"caption\":\"Adrian Oianu\"},\"image\":{\"@id\":\"https:\/\/adrianoianu.com\/#\/schema\/logo\/image\/\"},\"sameAs\":[\"https:\/\/www.facebook.com\/adrianoianu\/\",\"https:\/\/www.instagram.com\/adrianoianu_official\/\"]}]}<\/script>\n<!-- \/ Yoast SEO plugin. -->","yoast_head_json":{"title":"Ia Tricou Plum - Adrian Oianu","robots":{"index":"index","follow":"follow","max-snippet":"max-snippet:-1","max-image-preview":"max-image-preview:large","max-video-preview":"max-video-preview:-1"},"canonical":"https:\/\/adrianoianu.com\/product\/ia-tricou-plum\/","og_locale":"en_US","og_type":"article","og_title":"Ia Tricou Plum - Adrian Oianu","og_description":"&nbsp; Ajuns \u00een era 2.0, T-shirt-ul Ie este imprimat digital (print DTF) cu cate trei unitati pe fata \u0219i alte trei pe verso, rezultat \u00een...","og_url":"https:\/\/adrianoianu.com\/product\/ia-tricou-plum\/","og_site_name":"Adrian Oianu","article_publisher":"https:\/\/www.facebook.com\/adrianoianu\/","article_modified_time":"2025-12-04T14:29:21+00:00","og_image":[{"width":1794,"height":2560,"url":"https:\/\/adrianoianu.com\/wp-content\/uploads\/2025\/12\/DSC6573-scaled.jpg","type":"image\/jpeg"}],"twitter_card":"summary_large_image","twitter_misc":{"Est. reading time":"1 minute"},"schema":{"@context":"https:\/\/schema.org","@graph":[{"@type":"WebPage","@id":"https:\/\/adrianoianu.com\/product\/ia-tricou-plum\/","url":"https:\/\/adrianoianu.com\/product\/ia-tricou-plum\/","name":"Ia Tricou Plum - Adrian Oianu","isPartOf":{"@id":"https:\/\/adrianoianu.com\/#website"},"primaryImageOfPage":{"@id":"https:\/\/adrianoianu.com\/product\/ia-tricou-plum\/#primaryimage"},"image":{"@id":"https:\/\/adrianoianu.com\/product\/ia-tricou-plum\/#primaryimage"},"thumbnailUrl":"https:\/\/adrianoianu.com\/wp-content\/uploads\/2025\/12\/DSC6573-scaled.jpg","datePublished":"2025-12-02T22:39:51+00:00","dateModified":"2025-12-04T14:29:21+00:00","breadcrumb":{"@id":"https:\/\/adrianoianu.com\/product\/ia-tricou-plum\/#breadcrumb"},"inLanguage":"en-US","potentialAction":[{"@type":"ReadAction","target":["https:\/\/adrianoianu.com\/product\/ia-tricou-plum\/"]}]},{"@type":"ImageObject","inLanguage":"en-US","@id":"https:\/\/adrianoianu.com\/product\/ia-tricou-plum\/#primaryimage","url":"https:\/\/adrianoianu.com\/wp-content\/uploads\/2025\/12\/DSC6573-scaled.jpg","contentUrl":"https:\/\/adrianoianu.com\/wp-content\/uploads\/2025\/12\/DSC6573-scaled.jpg","width":1794,"height":2560},{"@type":"BreadcrumbList","@id":"https:\/\/adrianoianu.com\/product\/ia-tricou-plum\/#breadcrumb","itemListElement":[{"@type":"ListItem","position":1,"name":"Home","item":"https:\/\/adrianoianu.com\/home\/"},{"@type":"ListItem","position":2,"name":"Shop","item":"https:\/\/adrianoianu.com\/shop\/"},{"@type":"ListItem","position":3,"name":"Ia Tricou Plum"}]},{"@type":"WebSite","@id":"https:\/\/adrianoianu.com\/#website","url":"https:\/\/adrianoianu.com\/","name":"Adrian Oianu","description":"Design Identitar Rom\u00e2nesc","publisher":{"@id":"https:\/\/adrianoianu.com\/#organization"},"potentialAction":[{"@type":"SearchAction","target":{"@type":"EntryPoint","urlTemplate":"https:\/\/adrianoianu.com\/?s={search_term_string}"},"query-input":{"@type":"PropertyValueSpecification","valueRequired":true,"valueName":"search_term_string"}}],"inLanguage":"en-US"},{"@type":"Organization","@id":"https:\/\/adrianoianu.com\/#organization","name":"Adrian Oianu","url":"https:\/\/adrianoianu.com\/","logo":{"@type":"ImageObject","inLanguage":"en-US","@id":"https:\/\/adrianoianu.com\/#\/schema\/logo\/image\/","url":"https:\/\/adrianoianu.com\/wp-content\/uploads\/2019\/05\/Logo-oianu.jpg","contentUrl":"https:\/\/adrianoianu.com\/wp-content\/uploads\/2019\/05\/Logo-oianu.jpg","width":100,"height":100,"caption":"Adrian Oianu"},"image":{"@id":"https:\/\/adrianoianu.com\/#\/schema\/logo\/image\/"},"sameAs":["https:\/\/www.facebook.com\/adrianoianu\/","https:\/\/www.instagram.com\/adrianoianu_official\/"]}]}},"_links":{"self":[{"href":"https:\/\/adrianoianu.com\/en\/wp-json\/wp\/v2\/product\/21678","targetHints":{"allow":["GET"]}}],"collection":[{"href":"https:\/\/adrianoianu.com\/en\/wp-json\/wp\/v2\/product"}],"about":[{"href":"https:\/\/adrianoianu.com\/en\/wp-json\/wp\/v2\/types\/product"}],"replies":[{"embeddable":true,"href":"https:\/\/adrianoianu.com\/en\/wp-json\/wp\/v2\/comments?post=21678"}],"wp:featuredmedia":[{"embeddable":true,"href":"https:\/\/adrianoianu.com\/en\/wp-json\/wp\/v2\/media\/21679"}],"wp:attachment":[{"href":"https:\/\/adrianoianu.com\/en\/wp-json\/wp\/v2\/media?parent=21678"}],"wp:term":[{"taxonomy":"product_brand","embeddable":true,"href":"https:\/\/adrianoianu.com\/en\/wp-json\/wp\/v2\/product_brand?post=21678"},{"taxonomy":"product_cat","embeddable":true,"href":"https:\/\/adrianoianu.com\/en\/wp-json\/wp\/v2\/product_cat?post=21678"},{"taxonomy":"product_tag","embeddable":true,"href":"https:\/\/adrianoianu.com\/en\/wp-json\/wp\/v2\/product_tag?post=21678"}],"curies":[{"name":"wp","href":"https:\/\/api.w.org\/{rel}","templated":true}]}}